{"id":3016,"date":"2019-09-29T17:25:53","date_gmt":"2019-09-29T15:25:53","guid":{"rendered":"https:\/\/www.grenzgang-wollmar.com\/home\/?page_id=3016"},"modified":"2020-02-02T19:17:29","modified_gmt":"2020-02-02T18:17:29","slug":"aktuelles","status":"publish","type":"page","link":"https:\/\/www.grenzgang-wollmar.com\/home\/aktuelles\/","title":{"rendered":"Aktuelles"},"content":{"rendered":"\n\n<div class=\"su-posts su-posts-default-loop \">\n\n\t\n\t\t\t\t\t\n\t\t\t\n\t\t\t<div id=\"su-post-3441\" class=\"su-post \">\n\n\t\t\t\t\t\t\t\t\t<a class=\"su-post-thumbnail\" href=\"https:\/\/www.grenzgang-wollmar.com\/home\/2022\/08\/01\/grenzgang-in-buchenau-2022\/\"><img data-recalc-dims=\"1\" loading=\"lazy\" decoding=\"async\" width=\"1200\" height=\"1193\" src=\"https:\/\/i0.wp.com\/www.grenzgang-wollmar.com\/wp-content\/uploads\/2022\/08\/IMG_5179-scaled.jpeg?resize=1200%2C1193&#038;ssl=1\" class=\"attachment-post-thumbnail size-post-thumbnail wp-post-image\" alt=\"\" srcset=\"https:\/\/i0.wp.com\/www.grenzgang-wollmar.com\/wp-content\/uploads\/2022\/08\/IMG_5179-scaled.jpeg?w=2560&amp;ssl=1 2560w, https:\/\/i0.wp.com\/www.grenzgang-wollmar.com\/wp-content\/uploads\/2022\/08\/IMG_5179-scaled.jpeg?resize=300%2C298&amp;ssl=1 300w, https:\/\/i0.wp.com\/www.grenzgang-wollmar.com\/wp-content\/uploads\/2022\/08\/IMG_5179-scaled.jpeg?resize=1024%2C1018&amp;ssl=1 1024w, https:\/\/i0.wp.com\/www.grenzgang-wollmar.com\/wp-content\/uploads\/2022\/08\/IMG_5179-scaled.jpeg?resize=200%2C200&amp;ssl=1 200w, https:\/\/i0.wp.com\/www.grenzgang-wollmar.com\/wp-content\/uploads\/2022\/08\/IMG_5179-scaled.jpeg?resize=768%2C764&amp;ssl=1 768w, https:\/\/i0.wp.com\/www.grenzgang-wollmar.com\/wp-content\/uploads\/2022\/08\/IMG_5179-scaled.jpeg?resize=1536%2C1527&amp;ssl=1 1536w, https:\/\/i0.wp.com\/www.grenzgang-wollmar.com\/wp-content\/uploads\/2022\/08\/IMG_5179-scaled.jpeg?resize=2048%2C2036&amp;ssl=1 2048w, https:\/\/i0.wp.com\/www.grenzgang-wollmar.com\/wp-content\/uploads\/2022\/08\/IMG_5179-scaled.jpeg?w=2400&amp;ssl=1 2400w\" sizes=\"auto, (max-width: 1200px) 100vw, 1200px\" \/><\/a>\n\t\t\t\t\n\t\t\t\t<h2 class=\"su-post-title\"><a href=\"https:\/\/www.grenzgang-wollmar.com\/home\/2022\/08\/01\/grenzgang-in-buchenau-2022\/\">Grenzgang in Buchenau 2022<\/a><\/h2>\n\n\t\t\t\t<div class=\"su-post-meta\">\n\t\t\t\t\tVer\u00f6ffentlicht: 1. August 2022\t\t\t\t<\/div>\n\n\t\t\t\t<div class=\"su-post-excerpt\">\n\t\t\t\t\t<p>Endlich wieder Grenzgang! Am Wochenende vom 22. &#8211; 24. Juli haben wir an den Festlichkeiten in Buchenau teilgenommen. Bei tollem Wetter, k\u00fchlen Getr\u00e4nken und Blasmusik haben wir alte und neue Bekannte getroffen und die Buchenauer Grenze begangen. Beim Festzug am Sonntag waren wir mit Grenzgangreitern, Trachtengruppe und Vereinsmitgliedern zahlreich vertreten. Sch\u00f6n war&#8217;s bei den Freunden [&hellip;]<\/p>\n\t\t\t\t<\/div>\n\n\t\t\t\t\n\t\t\t<\/div>\n\n\t\t\t\t\t\n\t\t\t\n\t\t\t<div id=\"su-post-3428\" class=\"su-post \">\n\n\t\t\t\t\t\t\t\t\t<a class=\"su-post-thumbnail\" href=\"https:\/\/www.grenzgang-wollmar.com\/home\/2022\/06\/27\/grenzgang-in-buchenau\/\"><img data-recalc-dims=\"1\" loading=\"lazy\" decoding=\"async\" width=\"1200\" height=\"900\" src=\"https:\/\/i0.wp.com\/www.grenzgang-wollmar.com\/wp-content\/uploads\/2022\/06\/IMG-20220620-WA0015-2.jpg?resize=1200%2C900&#038;ssl=1\" class=\"attachment-post-thumbnail size-post-thumbnail wp-post-image\" alt=\"\" srcset=\"https:\/\/i0.wp.com\/www.grenzgang-wollmar.com\/wp-content\/uploads\/2022\/06\/IMG-20220620-WA0015-2.jpg?w=2048&amp;ssl=1 2048w, https:\/\/i0.wp.com\/www.grenzgang-wollmar.com\/wp-content\/uploads\/2022\/06\/IMG-20220620-WA0015-2.jpg?resize=300%2C225&amp;ssl=1 300w, https:\/\/i0.wp.com\/www.grenzgang-wollmar.com\/wp-content\/uploads\/2022\/06\/IMG-20220620-WA0015-2.jpg?resize=1024%2C768&amp;ssl=1 1024w, https:\/\/i0.wp.com\/www.grenzgang-wollmar.com\/wp-content\/uploads\/2022\/06\/IMG-20220620-WA0015-2.jpg?resize=768%2C576&amp;ssl=1 768w, https:\/\/i0.wp.com\/www.grenzgang-wollmar.com\/wp-content\/uploads\/2022\/06\/IMG-20220620-WA0015-2.jpg?resize=1536%2C1152&amp;ssl=1 1536w\" sizes=\"auto, (max-width: 1200px) 100vw, 1200px\" \/><\/a>\n\t\t\t\t\n\t\t\t\t<h2 class=\"su-post-title\"><a href=\"https:\/\/www.grenzgang-wollmar.com\/home\/2022\/06\/27\/grenzgang-in-buchenau\/\">Grenzgang in Buchenau!<\/a><\/h2>\n\n\t\t\t\t<div class=\"su-post-meta\">\n\t\t\t\t\tVer\u00f6ffentlicht: 27. Juni 2022\t\t\t\t<\/div>\n\n\t\t\t\t<div class=\"su-post-excerpt\">\n\t\t\t\t\t<p>Jetzt noch schnell anmelden<\/p>\n\t\t\t\t<\/div>\n\n\t\t\t\t\n\t\t\t<\/div>\n\n\t\t\t\t\t\n\t\t\t\n\t\t\t<div id=\"su-post-3354\" class=\"su-post \">\n\n\t\t\t\t\t\t\t\t\t<a class=\"su-post-thumbnail\" href=\"https:\/\/www.grenzgang-wollmar.com\/home\/2020\/03\/01\/treffen-der-grenzgangreiter\/\"><img data-recalc-dims=\"1\" loading=\"lazy\" decoding=\"async\" width=\"1200\" height=\"900\" src=\"https:\/\/i0.wp.com\/www.grenzgang-wollmar.com\/wp-content\/uploads\/2020\/02\/20200229_191954-scaled.jpg?resize=1200%2C900&#038;ssl=1\" class=\"attachment-post-thumbnail size-post-thumbnail wp-post-image\" alt=\"\" srcset=\"https:\/\/i0.wp.com\/www.grenzgang-wollmar.com\/wp-content\/uploads\/2020\/02\/20200229_191954-scaled.jpg?w=2560&amp;ssl=1 2560w, https:\/\/i0.wp.com\/www.grenzgang-wollmar.com\/wp-content\/uploads\/2020\/02\/20200229_191954-scaled.jpg?resize=300%2C225&amp;ssl=1 300w, https:\/\/i0.wp.com\/www.grenzgang-wollmar.com\/wp-content\/uploads\/2020\/02\/20200229_191954-scaled.jpg?resize=1024%2C768&amp;ssl=1 1024w, https:\/\/i0.wp.com\/www.grenzgang-wollmar.com\/wp-content\/uploads\/2020\/02\/20200229_191954-scaled.jpg?resize=768%2C576&amp;ssl=1 768w, https:\/\/i0.wp.com\/www.grenzgang-wollmar.com\/wp-content\/uploads\/2020\/02\/20200229_191954-scaled.jpg?resize=1536%2C1152&amp;ssl=1 1536w, https:\/\/i0.wp.com\/www.grenzgang-wollmar.com\/wp-content\/uploads\/2020\/02\/20200229_191954-scaled.jpg?resize=2048%2C1536&amp;ssl=1 2048w, https:\/\/i0.wp.com\/www.grenzgang-wollmar.com\/wp-content\/uploads\/2020\/02\/20200229_191954-scaled.jpg?w=2400&amp;ssl=1 2400w\" sizes=\"auto, (max-width: 1200px) 100vw, 1200px\" \/><\/a>\n\t\t\t\t\n\t\t\t\t<h2 class=\"su-post-title\"><a href=\"https:\/\/www.grenzgang-wollmar.com\/home\/2020\/03\/01\/treffen-der-grenzgangreiter\/\">Treffen der Grenzgangreiter<\/a><\/h2>\n\n\t\t\t\t<div class=\"su-post-meta\">\n\t\t\t\t\tVer\u00f6ffentlicht: 1. M\u00e4rz 2020\t\t\t\t<\/div>\n\n\t\t\t\t<div class=\"su-post-excerpt\">\n\t\t\t\t\t<p>Auch die Grenzgangreiter sind mitten in den Vorbereitungen f\u00fcr das Grenzgangfest 2020. Im Landgasthof zur Linde stellt Burkhard Freiling den anwesenden Reitern den Ablauf und das Regelwerk vor. Er betont, dass die Grenzgangreiter den Grenzgangverein repr\u00e4sentieren. Es wird daher gro\u00dfen Wert auf ein ordentliches Erscheinungsbild von Pferd und Reiter, sowie deren beider Fitness gelegt. Daher [&hellip;]<\/p>\n\t\t\t\t<\/div>\n\n\t\t\t\t\n\t\t\t<\/div>\n\n\t\t\t\t\t\n\t\t\t\n\t\t\t<div id=\"su-post-3326\" class=\"su-post \">\n\n\t\t\t\t\t\t\t\t\t<a class=\"su-post-thumbnail\" href=\"https:\/\/www.grenzgang-wollmar.com\/home\/2020\/02\/16\/faschingsball-in-wollmar\/\"><img data-recalc-dims=\"1\" loading=\"lazy\" decoding=\"async\" width=\"1200\" height=\"900\" src=\"https:\/\/i0.wp.com\/www.grenzgang-wollmar.com\/wp-content\/uploads\/2020\/02\/F3A69645-FCB0-4776-980F-45F0091EFB5E-scaled.jpeg?resize=1200%2C900&#038;ssl=1\" class=\"attachment-post-thumbnail size-post-thumbnail wp-post-image\" alt=\"\" srcset=\"https:\/\/i0.wp.com\/www.grenzgang-wollmar.com\/wp-content\/uploads\/2020\/02\/F3A69645-FCB0-4776-980F-45F0091EFB5E-scaled.jpeg?w=2560&amp;ssl=1 2560w, https:\/\/i0.wp.com\/www.grenzgang-wollmar.com\/wp-content\/uploads\/2020\/02\/F3A69645-FCB0-4776-980F-45F0091EFB5E-scaled.jpeg?resize=300%2C225&amp;ssl=1 300w, https:\/\/i0.wp.com\/www.grenzgang-wollmar.com\/wp-content\/uploads\/2020\/02\/F3A69645-FCB0-4776-980F-45F0091EFB5E-scaled.jpeg?resize=1024%2C768&amp;ssl=1 1024w, https:\/\/i0.wp.com\/www.grenzgang-wollmar.com\/wp-content\/uploads\/2020\/02\/F3A69645-FCB0-4776-980F-45F0091EFB5E-scaled.jpeg?resize=768%2C576&amp;ssl=1 768w, https:\/\/i0.wp.com\/www.grenzgang-wollmar.com\/wp-content\/uploads\/2020\/02\/F3A69645-FCB0-4776-980F-45F0091EFB5E-scaled.jpeg?resize=1536%2C1152&amp;ssl=1 1536w, https:\/\/i0.wp.com\/www.grenzgang-wollmar.com\/wp-content\/uploads\/2020\/02\/F3A69645-FCB0-4776-980F-45F0091EFB5E-scaled.jpeg?resize=2048%2C1536&amp;ssl=1 2048w, https:\/\/i0.wp.com\/www.grenzgang-wollmar.com\/wp-content\/uploads\/2020\/02\/F3A69645-FCB0-4776-980F-45F0091EFB5E-scaled.jpeg?w=2400&amp;ssl=1 2400w\" sizes=\"auto, (max-width: 1200px) 100vw, 1200px\" \/><\/a>\n\t\t\t\t\n\t\t\t\t<h2 class=\"su-post-title\"><a href=\"https:\/\/www.grenzgang-wollmar.com\/home\/2020\/02\/16\/faschingsball-in-wollmar\/\">Faschingsball in Wollmar<\/a><\/h2>\n\n\t\t\t\t<div class=\"su-post-meta\">\n\t\t\t\t\tVer\u00f6ffentlicht: 16. Februar 2020\t\t\t\t<\/div>\n\n\t\t\t\t<div class=\"su-post-excerpt\">\n\t\t\t\t\t<p>Unter dem Motto &#8222;Wir erbeuten f\u00fcr das Allgemeinwohl&#8220; fand am Samstag der Wikinger Faschingsball in Wollmar statt. Unsere Grenzgangburschen lie\u00dfen es sich nat\u00fcrlich nicht nehmen pers\u00f6nlich f\u00fcr gen\u00fcgend Fl\u00fcssignahrung bei den G\u00e4sten zu sorgen, und \u00fcbernahmen hierf\u00fcr gerne eine Schicht hinter der Theke. Mit musikalischer Unterst\u00fctzung durch die Band &#8222;Die Rossh\u00e4user&#8220; und tollen Beitr\u00e4gen auf [&hellip;]<\/p>\n\t\t\t\t<\/div>\n\n\t\t\t\t\n\t\t\t<\/div>\n\n\t\t\t\t\t\n\t\t\t\n\t\t\t<div id=\"su-post-3304\" class=\"su-post \">\n\n\t\t\t\t\t\t\t\t\t<a class=\"su-post-thumbnail\" href=\"https:\/\/www.grenzgang-wollmar.com\/home\/2020\/02\/09\/kulissenbau-fuer-den-schauplatz-der-geschichte\/\"><img data-recalc-dims=\"1\" loading=\"lazy\" decoding=\"async\" width=\"1200\" height=\"900\" src=\"https:\/\/i0.wp.com\/www.grenzgang-wollmar.com\/wp-content\/uploads\/2020\/02\/IMG-20200301-WA0000.jpg?resize=1200%2C900&#038;ssl=1\" class=\"attachment-post-thumbnail size-post-thumbnail wp-post-image\" alt=\"\" srcset=\"https:\/\/i0.wp.com\/www.grenzgang-wollmar.com\/wp-content\/uploads\/2020\/02\/IMG-20200301-WA0000.jpg?w=1600&amp;ssl=1 1600w, https:\/\/i0.wp.com\/www.grenzgang-wollmar.com\/wp-content\/uploads\/2020\/02\/IMG-20200301-WA0000.jpg?resize=300%2C225&amp;ssl=1 300w, https:\/\/i0.wp.com\/www.grenzgang-wollmar.com\/wp-content\/uploads\/2020\/02\/IMG-20200301-WA0000.jpg?resize=1024%2C768&amp;ssl=1 1024w, https:\/\/i0.wp.com\/www.grenzgang-wollmar.com\/wp-content\/uploads\/2020\/02\/IMG-20200301-WA0000.jpg?resize=768%2C576&amp;ssl=1 768w, https:\/\/i0.wp.com\/www.grenzgang-wollmar.com\/wp-content\/uploads\/2020\/02\/IMG-20200301-WA0000.jpg?resize=1536%2C1152&amp;ssl=1 1536w\" sizes=\"auto, (max-width: 1200px) 100vw, 1200px\" \/><\/a>\n\t\t\t\t\n\t\t\t\t<h2 class=\"su-post-title\"><a href=\"https:\/\/www.grenzgang-wollmar.com\/home\/2020\/02\/09\/kulissenbau-fuer-den-schauplatz-der-geschichte\/\">Kulissenbau f\u00fcr den Schauplatz der Geschichte<\/a><\/h2>\n\n\t\t\t\t<div class=\"su-post-meta\">\n\t\t\t\t\tVer\u00f6ffentlicht: 9. Februar 2020\t\t\t\t<\/div>\n\n\t\t\t\t<div class=\"su-post-excerpt\">\n\t\t\t\t\t<p>Am Samstag den 08.02. sind einige Schauspieler der Einladung von Walter Wagner gefolgt, um die ersten H\u00e4user der Kulisse f\u00fcr den Schauplatz der Geschichte zu bauen. Hier sind die Ergebnisse in Bildern. Nat\u00fcrlich fehlte es auch nicht an der n\u00f6tigen Verpflegung, denn ohne Mampf kein Kampf \ud83d\ude09<\/p>\n\t\t\t\t<\/div>\n\n\t\t\t\t\n\t\t\t<\/div>\n\n\t\t\t\t\t\n\t\t\t\n\t\t\t<div id=\"su-post-3191\" class=\"su-post \">\n\n\t\t\t\t\n\t\t\t\t<h2 class=\"su-post-title\"><a href=\"https:\/\/www.grenzgang-wollmar.com\/home\/2020\/01\/11\/einladung-zur-jhv-am-24-01-2020\/\">Einladung zur JHV am 24.01.2020<\/a><\/h2>\n\n\t\t\t\t<div class=\"su-post-meta\">\n\t\t\t\t\tVer\u00f6ffentlicht: 11. Januar 2020\t\t\t\t<\/div>\n\n\t\t\t\t<div class=\"su-post-excerpt\">\n\t\t\t\t\t<p>Einladung zur Jahreshauptversammlung Die diesj\u00e4hrige Jahreshauptversammlung des Grenzgangverein Wollmar findet am Freitag, den 24. Januar 2020, um 20.00 Uhr im Dorfgemeinschaftshaus Wollmar statt. Tagesordnung: Er\u00f6ffnung und Begr\u00fc\u00dfung Bericht des 1. Vorsitzenden Bericht des 1. Kassierers Bericht der Kassenpr\u00fcfer Entlastung des gesamten Vorstandes Neuwahl eines Kassenpr\u00fcfers Bericht der Grenzgangaussch\u00fcsse Planung 2020 Verschiedenes Antr\u00e4ge zur Tagesordnung sind [&hellip;]<\/p>\n\t\t\t\t<\/div>\n\n\t\t\t\t\n\t\t\t<\/div>\n\n\t\t\t\t\t\n\t\t\t\n\t\t\t<div id=\"su-post-3076\" class=\"su-post \">\n\n\t\t\t\t\t\t\t\t\t<a class=\"su-post-thumbnail\" href=\"https:\/\/www.grenzgang-wollmar.com\/home\/2019\/10\/21\/inszenierung-der-wollmaraner-dorfgeschichte\/\"><img data-recalc-dims=\"1\" loading=\"lazy\" decoding=\"async\" width=\"1200\" height=\"900\" src=\"https:\/\/i0.wp.com\/www.grenzgang-wollmar.com\/wp-content\/uploads\/2019\/10\/20191009_191330.jpg?resize=1200%2C900&#038;ssl=1\" class=\"attachment-post-thumbnail size-post-thumbnail wp-post-image\" alt=\"\" srcset=\"https:\/\/i0.wp.com\/www.grenzgang-wollmar.com\/wp-content\/uploads\/2019\/10\/20191009_191330.jpg?w=4128&amp;ssl=1 4128w, https:\/\/i0.wp.com\/www.grenzgang-wollmar.com\/wp-content\/uploads\/2019\/10\/20191009_191330.jpg?resize=300%2C225&amp;ssl=1 300w, https:\/\/i0.wp.com\/www.grenzgang-wollmar.com\/wp-content\/uploads\/2019\/10\/20191009_191330.jpg?resize=768%2C576&amp;ssl=1 768w, https:\/\/i0.wp.com\/www.grenzgang-wollmar.com\/wp-content\/uploads\/2019\/10\/20191009_191330.jpg?resize=1024%2C768&amp;ssl=1 1024w, https:\/\/i0.wp.com\/www.grenzgang-wollmar.com\/wp-content\/uploads\/2019\/10\/20191009_191330.jpg?resize=720%2C540&amp;ssl=1 720w, https:\/\/i0.wp.com\/www.grenzgang-wollmar.com\/wp-content\/uploads\/2019\/10\/20191009_191330.jpg?w=2400&amp;ssl=1 2400w, https:\/\/i0.wp.com\/www.grenzgang-wollmar.com\/wp-content\/uploads\/2019\/10\/20191009_191330.jpg?w=3600&amp;ssl=1 3600w\" sizes=\"auto, (max-width: 1200px) 100vw, 1200px\" \/><\/a>\n\t\t\t\t\n\t\t\t\t<h2 class=\"su-post-title\"><a href=\"https:\/\/www.grenzgang-wollmar.com\/home\/2019\/10\/21\/inszenierung-der-wollmaraner-dorfgeschichte\/\">Inszenierung der wollmaraner Dorfgeschichte<\/a><\/h2>\n\n\t\t\t\t<div class=\"su-post-meta\">\n\t\t\t\t\tVer\u00f6ffentlicht: 21. Oktober 2019\t\t\t\t<\/div>\n\n\t\t\t\t<div class=\"su-post-excerpt\">\n\t\t\t\t\t<p>Bereits zum 4. mal wird die wollmaraner Dorfjugend das Schauspiel der Geschichte beim Grenzgangfest auff\u00fchren. Unter der Regie von Walter Wagner und Werner Seipp haben auch f\u00fcr das bevorstehende Fest wieder \u00fcber 50 Jugendliche Interesse bekundet als Schauspieler mitzuwirken. Das aufw\u00e4ndig inszenierte B\u00fchnenst\u00fcck wurde von den Regisseuren \u00fcberarbeitet und weiter verfeinert. Beim letzten Treffen im [&hellip;]<\/p>\n\t\t\t\t<\/div>\n\n\t\t\t\t\n\t\t\t<\/div>\n\n\t\t\t\t\t\n\t\t\t\n\t\t\t<div id=\"su-post-3031\" class=\"su-post \">\n\n\t\t\t\t\n\t\t\t\t<h2 class=\"su-post-title\"><a href=\"https:\/\/www.grenzgang-wollmar.com\/home\/2019\/10\/05\/info-aus-den-ausschuessen\/\">Info aus den Aussch\u00fcssen<\/a><\/h2>\n\n\t\t\t\t<div class=\"su-post-meta\">\n\t\t\t\t\tVer\u00f6ffentlicht: 5. Oktober 2019\t\t\t\t<\/div>\n\n\t\t\t\t<div class=\"su-post-excerpt\">\n\t\t\t\t\t<p>Treffen Schauplatz der Geschichte am Mittwoch den 09.10.2019 um 19:00 Uhr im Landgasthof zur Linde. Der Ausschuss Werbung trifft sich Donnerstag den 10.10.2019 um 19:30 Uhr in der alten Schule.<\/p>\n\t\t\t\t<\/div>\n\n\t\t\t\t\n\t\t\t<\/div>\n\n\t\t\t\t\t\n\t\t\t\n\t\t\t<div id=\"su-post-3025\" class=\"su-post \">\n\n\t\t\t\t\n\t\t\t\t<h2 class=\"su-post-title\"><a href=\"https:\/\/www.grenzgang-wollmar.com\/home\/2019\/10\/03\/vereinskleidung-autoaufkleber\/\">Vereinskleidung \/ Autoaufkleber<\/a><\/h2>\n\n\t\t\t\t<div class=\"su-post-meta\">\n\t\t\t\t\tVer\u00f6ffentlicht: 3. Oktober 2019\t\t\t\t<\/div>\n\n\t\t\t\t<div class=\"su-post-excerpt\">\n\t\t\t\t\t<p>Am Freitag den 25.10.2019 k\u00f6nnen ab 18 Uhr in der alten Schule die bestellten Poloshirts f\u00fcr 30 Euro abgeholt werden. Wegen der hohen Nachfrage wurden dar\u00fcber hinaus noch zus\u00e4tzliche Polos in allen Gr\u00f6\u00dfen bestellt und k\u00f6nnen an diesem Tag an probiert und gekauft werden. Wer also noch ein Poloshirt haben m\u00f6chte, und keins vorbestellt hat, [&hellip;]<\/p>\n\t\t\t\t<\/div>\n\n\t\t\t\t\n\t\t\t<\/div>\n\n\t\t\t\t\t\n\t\t\t\n\t\t\t<div id=\"su-post-3001\" class=\"su-post \">\n\n\t\t\t\t\n\t\t\t\t<h2 class=\"su-post-title\"><a href=\"https:\/\/www.grenzgang-wollmar.com\/home\/2019\/09\/29\/vorstandstreffen-in-gossfelden\/\">Vorstandstreffen in Go\u00dffelden<\/a><\/h2>\n\n\t\t\t\t<div class=\"su-post-meta\">\n\t\t\t\t\tVer\u00f6ffentlicht: 29. September 2019\t\t\t\t<\/div>\n\n\t\t\t\t<div class=\"su-post-excerpt\">\n\t\t\t\t\t<p>Am Samstag den 28.09.2019 waren der Vorstand und die Burschen zu Gast beim Grenzgangverein Go\u00dffelden zum allj\u00e4hrlichen Treffen der Grenzgangvorst\u00e4nde. Nach einer Erkundungstour auf den Spuren von Otto Ubbelohde durch Go\u00dffelden unter professioneller F\u00fchrung, waren wir im Anschluss eingeladen, bei Musik der Grenzgangmusikanten Go\u00dffelden, in der Lahnfelshalle zu verweilen. Es war wieder einmal eine sehr [&hellip;]<\/p>\n\t\t\t\t<\/div>\n\n\t\t\t\t\n\t\t\t<\/div>\n\n\t\t\n\t\n<\/div>\n\n","protected":false},"excerpt":{"rendered":"","protected":false},"author":1,"featured_media":0,"parent":0,"menu_order":0,"comment_status":"closed","ping_status":"closed","template":"","meta":{"ngg_post_thumbnail":0,"footnotes":""},"class_list":["post-3016","page","type-page","status-publish","hentry","wpbf-post"],"yoast_head":"<!-- This site is optimized with the Yoast SEO plugin v26.6 - https:\/\/yoast.com\/wordpress\/plugins\/seo\/ -->\n<title>Aktuelles : Grenzgangverein Wollmar e.V.<\/title>\n<meta name=\"robots\" content=\"index, follow, max-snippet:-1, max-image-preview:large, max-video-preview:-1\" \/>\n<link rel=\"canonical\" href=\"https:\/\/www.grenzgang-wollmar.com\/home\/aktuelles\/\" \/>\n<meta property=\"og:locale\" content=\"de_DE\" \/>\n<meta property=\"og:type\" content=\"article\" \/>\n<meta property=\"og:title\" content=\"Aktuelles : Grenzgangverein Wollmar e.V.\" \/>\n<meta property=\"og:url\" content=\"https:\/\/www.grenzgang-wollmar.com\/home\/aktuelles\/\" \/>\n<meta property=\"og:site_name\" content=\"Grenzgangverein Wollmar e.V.\" \/>\n<meta property=\"article:publisher\" content=\"https:\/\/www.facebook.com\/GrenzgangvereinWollmar\" \/>\n<meta property=\"article:modified_time\" content=\"2020-02-02T18:17:29+00:00\" \/>\n<meta name=\"twitter:card\" content=\"summary_large_image\" \/>\n<script type=\"application\/ld+json\" class=\"yoast-schema-graph\">{\"@context\":\"https:\/\/schema.org\",\"@graph\":[{\"@type\":\"WebPage\",\"@id\":\"https:\/\/www.grenzgang-wollmar.com\/home\/aktuelles\/\",\"url\":\"https:\/\/www.grenzgang-wollmar.com\/home\/aktuelles\/\",\"name\":\"Aktuelles : Grenzgangverein Wollmar e.V.\",\"isPartOf\":{\"@id\":\"https:\/\/www.grenzgang-wollmar.com\/home\/#website\"},\"datePublished\":\"2019-09-29T15:25:53+00:00\",\"dateModified\":\"2020-02-02T18:17:29+00:00\",\"breadcrumb\":{\"@id\":\"https:\/\/www.grenzgang-wollmar.com\/home\/aktuelles\/#breadcrumb\"},\"inLanguage\":\"de\",\"potentialAction\":[{\"@type\":\"ReadAction\",\"target\":[\"https:\/\/www.grenzgang-wollmar.com\/home\/aktuelles\/\"]}]},{\"@type\":\"BreadcrumbList\",\"@id\":\"https:\/\/www.grenzgang-wollmar.com\/home\/aktuelles\/#breadcrumb\",\"itemListElement\":[{\"@type\":\"ListItem\",\"position\":1,\"name\":\"Startseite\",\"item\":\"https:\/\/www.grenzgang-wollmar.com\/home\/\"},{\"@type\":\"ListItem\",\"position\":2,\"name\":\"Aktuelles\"}]},{\"@type\":\"WebSite\",\"@id\":\"https:\/\/www.grenzgang-wollmar.com\/home\/#website\",\"url\":\"https:\/\/www.grenzgang-wollmar.com\/home\/\",\"name\":\"Grenzgangverein Wollmar\",\"description\":\"\",\"publisher\":{\"@id\":\"https:\/\/www.grenzgang-wollmar.com\/home\/#organization\"},\"potentialAction\":[{\"@type\":\"SearchAction\",\"target\":{\"@type\":\"EntryPoint\",\"urlTemplate\":\"https:\/\/www.grenzgang-wollmar.com\/home\/?s={search_term_string}\"},\"query-input\":{\"@type\":\"PropertyValueSpecification\",\"valueRequired\":true,\"valueName\":\"search_term_string\"}}],\"inLanguage\":\"de\"},{\"@type\":\"Organization\",\"@id\":\"https:\/\/www.grenzgang-wollmar.com\/home\/#organization\",\"name\":\"Grenzgangverein Wollmar\",\"url\":\"https:\/\/www.grenzgang-wollmar.com\/home\/\",\"logo\":{\"@type\":\"ImageObject\",\"inLanguage\":\"de\",\"@id\":\"https:\/\/www.grenzgang-wollmar.com\/home\/#\/schema\/logo\/image\/\",\"url\":\"https:\/\/i0.wp.com\/www.grenzgang-wollmar.com\/wp-content\/uploads\/2019\/09\/Fahne.jpg?fit=295%2C395&ssl=1\",\"contentUrl\":\"https:\/\/i0.wp.com\/www.grenzgang-wollmar.com\/wp-content\/uploads\/2019\/09\/Fahne.jpg?fit=295%2C395&ssl=1\",\"width\":295,\"height\":395,\"caption\":\"Grenzgangverein Wollmar\"},\"image\":{\"@id\":\"https:\/\/www.grenzgang-wollmar.com\/home\/#\/schema\/logo\/image\/\"},\"sameAs\":[\"https:\/\/www.facebook.com\/GrenzgangvereinWollmar\"]}]}<\/script>\n<!-- \/ Yoast SEO plugin. -->","yoast_head_json":{"title":"Aktuelles : Grenzgangverein Wollmar e.V.","robots":{"index":"index","follow":"follow","max-snippet":"max-snippet:-1","max-image-preview":"max-image-preview:large","max-video-preview":"max-video-preview:-1"},"canonical":"https:\/\/www.grenzgang-wollmar.com\/home\/aktuelles\/","og_locale":"de_DE","og_type":"article","og_title":"Aktuelles : Grenzgangverein Wollmar e.V.","og_url":"https:\/\/www.grenzgang-wollmar.com\/home\/aktuelles\/","og_site_name":"Grenzgangverein Wollmar e.V.","article_publisher":"https:\/\/www.facebook.com\/GrenzgangvereinWollmar","article_modified_time":"2020-02-02T18:17:29+00:00","twitter_card":"summary_large_image","schema":{"@context":"https:\/\/schema.org","@graph":[{"@type":"WebPage","@id":"https:\/\/www.grenzgang-wollmar.com\/home\/aktuelles\/","url":"https:\/\/www.grenzgang-wollmar.com\/home\/aktuelles\/","name":"Aktuelles : Grenzgangverein Wollmar e.V.","isPartOf":{"@id":"https:\/\/www.grenzgang-wollmar.com\/home\/#website"},"datePublished":"2019-09-29T15:25:53+00:00","dateModified":"2020-02-02T18:17:29+00:00","breadcrumb":{"@id":"https:\/\/www.grenzgang-wollmar.com\/home\/aktuelles\/#breadcrumb"},"inLanguage":"de","potentialAction":[{"@type":"ReadAction","target":["https:\/\/www.grenzgang-wollmar.com\/home\/aktuelles\/"]}]},{"@type":"BreadcrumbList","@id":"https:\/\/www.grenzgang-wollmar.com\/home\/aktuelles\/#breadcrumb","itemListElement":[{"@type":"ListItem","position":1,"name":"Startseite","item":"https:\/\/www.grenzgang-wollmar.com\/home\/"},{"@type":"ListItem","position":2,"name":"Aktuelles"}]},{"@type":"WebSite","@id":"https:\/\/www.grenzgang-wollmar.com\/home\/#website","url":"https:\/\/www.grenzgang-wollmar.com\/home\/","name":"Grenzgangverein Wollmar","description":"","publisher":{"@id":"https:\/\/www.grenzgang-wollmar.com\/home\/#organization"},"potentialAction":[{"@type":"SearchAction","target":{"@type":"EntryPoint","urlTemplate":"https:\/\/www.grenzgang-wollmar.com\/home\/?s={search_term_string}"},"query-input":{"@type":"PropertyValueSpecification","valueRequired":true,"valueName":"search_term_string"}}],"inLanguage":"de"},{"@type":"Organization","@id":"https:\/\/www.grenzgang-wollmar.com\/home\/#organization","name":"Grenzgangverein Wollmar","url":"https:\/\/www.grenzgang-wollmar.com\/home\/","logo":{"@type":"ImageObject","inLanguage":"de","@id":"https:\/\/www.grenzgang-wollmar.com\/home\/#\/schema\/logo\/image\/","url":"https:\/\/i0.wp.com\/www.grenzgang-wollmar.com\/wp-content\/uploads\/2019\/09\/Fahne.jpg?fit=295%2C395&ssl=1","contentUrl":"https:\/\/i0.wp.com\/www.grenzgang-wollmar.com\/wp-content\/uploads\/2019\/09\/Fahne.jpg?fit=295%2C395&ssl=1","width":295,"height":395,"caption":"Grenzgangverein Wollmar"},"image":{"@id":"https:\/\/www.grenzgang-wollmar.com\/home\/#\/schema\/logo\/image\/"},"sameAs":["https:\/\/www.facebook.com\/GrenzgangvereinWollmar"]}]}},"jetpack_sharing_enabled":true,"_links":{"self":[{"href":"https:\/\/www.grenzgang-wollmar.com\/home\/wp-json\/wp\/v2\/pages\/3016","targetHints":{"allow":["GET"]}}],"collection":[{"href":"https:\/\/www.grenzgang-wollmar.com\/home\/wp-json\/wp\/v2\/pages"}],"about":[{"href":"https:\/\/www.grenzgang-wollmar.com\/home\/wp-json\/wp\/v2\/types\/page"}],"author":[{"embeddable":true,"href":"https:\/\/www.grenzgang-wollmar.com\/home\/wp-json\/wp\/v2\/users\/1"}],"replies":[{"embeddable":true,"href":"https:\/\/www.grenzgang-wollmar.com\/home\/wp-json\/wp\/v2\/comments?post=3016"}],"version-history":[{"count":10,"href":"https:\/\/www.grenzgang-wollmar.com\/home\/wp-json\/wp\/v2\/pages\/3016\/revisions"}],"predecessor-version":[{"id":3423,"href":"https:\/\/www.grenzgang-wollmar.com\/home\/wp-json\/wp\/v2\/pages\/3016\/revisions\/3423"}],"wp:attachment":[{"href":"https:\/\/www.grenzgang-wollmar.com\/home\/wp-json\/wp\/v2\/media?parent=3016"}],"curies":[{"name":"wp","href":"https:\/\/api.w.org\/{rel}","templated":true}]}}