{"id":3361,"date":"2020-03-05T18:10:06","date_gmt":"2020-03-05T17:10:06","guid":{"rendered":"https:\/\/www.grenzgang-wollmar.com\/home\/?page_id=3361"},"modified":"2020-03-05T18:10:34","modified_gmt":"2020-03-05T17:10:34","slug":"satzung","status":"publish","type":"page","link":"https:\/\/www.grenzgang-wollmar.com\/home\/satzung\/","title":{"rendered":"Satzung"},"content":{"rendered":"\n<p><strong>\u00a7\n1 Name und Sitz<\/strong><\/p>\n\n\n\n<p>Der\nVerein f\u00fchrt den Namen <strong>Grenzgangverein Wollmar e.V. <\/strong><\/p>\n\n\n\n<p>Der\nSitz des Vereins ist M\u00fcnchhausen-Wollmar. <\/p>\n\n\n\n<p>Der\nVerein verfolgt ausschlie\u00dflich gemeinn\u00fctzige Zwecke im Sinne der Vorschriften\ndes dritten Abschnittes der Abgabenordnung 1977 vom 16.03.1976. <\/p>\n\n\n\n<p><strong>\u00a7\n2 Zweck des Vereines<\/strong><\/p>\n\n\n\n<p>1.\nDer Grenzgangverein Wollmar hat insbesondere den Zweck der F\u00f6rderung der\nheimatlichen Sitten und Gebr\u00e4uche, der Kultur und des Umwelt-, Landwirtschafts-\nund Denkmalschutzes. Der Satzungszweck wird verwirklicht insbesondere durch die\nTrachtenpflege, die Errichtung von Gr\u00fcnanlagen, die Pflege von Kulturwerten. <\/p>\n\n\n\n<p>2.\nDer Verein ist selbstlos t\u00e4tig, er verfolgt nicht in erster Linie eigenwirtschaftliche\nZwecke. <\/p>\n\n\n\n<p>3.\nMittel des Vereins d\u00fcrfen nur f\u00fcr die satzungsm\u00e4\u00dfigen Zwecke verwendet werden.\nDie Mitglieder erhalten keine Zuwendungen aus Mitteln des Vereins. <\/p>\n\n\n\n<p>Bei\nBedarf k\u00f6nnen Vereins\u00e4mter im Rahmen der hausrechtlichen M\u00f6glichkeiten entgeltlich\nauf der Grundlage eines Dienstvertrages oder gegen Zahlung einer\nAufwandsentsch\u00e4digung nach \u00a7 3 Nr. 26a EStG ausge\u00fcbt werden. <\/p>\n\n\n\n<p>Die\nEntscheidung \u00fcber eine entgeltliche Vereinst\u00e4tigkeit nach Abs. 2 trifft der\nengere Vorstand. Gleiches gilt f\u00fcr Vertragsinhalte und die Vertragsbeendigung. <\/p>\n\n\n\n<p>Der\nengere Vorstand ist erm\u00e4chtigt, T\u00e4tigkeiten f\u00fcr den Verein gegen Zahlung einer\nangemessenen Verg\u00fctung oder Aufwandsentsch\u00e4digung zu beauftragen. Ma\u00dfgebend ist\ndie Haushaltslage des Vereins. <\/p>\n\n\n\n<p>Zur\nErledigung der Gesch\u00e4ftsf\u00fchrungsaufgaben und zur F\u00fchrung der Gesch\u00e4ftsstelle\nist der engere Vorstand erm\u00e4chtigt, im Rahmen der haushaltsrechtlichen\nM\u00f6glichkeiten, haupt-amtlich Besch\u00e4ftigte anzustellen. <\/p>\n\n\n\n<p>4.\nEs darf keine Person durch Ausgaben, die dem Zweck der K\u00f6rperschaft fremd sind,\noder durch unverh\u00e4ltnism\u00e4\u00dfig hohe Verg\u00fctungen beg\u00fcnstigt werden. <\/p>\n\n\n\n<p>5.\nJedes Vereinsmitglied hat Anspruch auf Ersatz seiner geltend gemachten\nAufwendungen <\/p>\n\n\n\n<p>nach\n\u00a7 670 GBG, die ihm durch seine T\u00e4tigkeit f\u00fcr den Verein und im Auftrag des\nVereins entstanden sind. Hierzu geh\u00f6ren insbesondere Fahrauslagen,\nnachgewiesene Reisekosten, Porto, Telefonkosten und sonstige Nebenkosten. Der\nAnspruch auf Aufwendungsersatz muss binnen einer Jahresfrist nach Entstehung\ndes Anspruchs geltend gemacht werden. <\/p>\n\n\n\n<p>Anspr\u00fcche\nauf Aufwendungsersatz sind der H\u00f6he nach begrenzt auf steuerliche Pausch- oder\nH\u00f6chstbeitr\u00e4ge. <\/p>\n\n\n\n<p>Der\nengere Vorstand ist erm\u00e4chtigt, durch Vorstandsbeschluss Pauschalregelungen zu\ntreffen. <\/p>\n\n\n\n<p><strong>\u00a7\n3 Gesch\u00e4ftsjahr <\/strong><\/p>\n\n\n\n<p>Gesch\u00e4ftsjahr\nist das Kalenderjahr <\/p>\n\n\n\n<p><strong>\u00a7 4 Mitgliedschaft <\/strong><\/p>\n\n\n\n<p>Jede\nPerson, die das 14. Lebensjahr vollendet hat und die Pflege der heimatlichen\nSitten und Gebr\u00e4uche bef\u00fcrwortet, kann Mitglied des Vereins werden. <\/p>\n\n\n\n<p>\u00dcber\nden schriftlichen Antrag Aufnahmeantrag entscheidet der engere Vorstand. <\/p>\n\n\n\n<p><strong>\u00a7\n5 Beendigung Mitgliedschaft <\/strong><\/p>\n\n\n\n<p>Die\nMitgliedschaft erlischt: <\/p>\n\n\n\n<p>a)\ndurch Austritt <\/p>\n\n\n\n<p>b)\ndurch Ausschluss <\/p>\n\n\n\n<p>c)\ndurch Tod <\/p>\n\n\n\n<p>Der\nfreiwillige Austritt erfolgt durch schriftliche Erkl\u00e4rung gegen\u00fcber einem\nMitglied des Vorstandes. Er ist nur zum Schluss eines Kalenderjahres unter\nEinhaltung einer K\u00fcndigungsfrist von 3 Monaten zul\u00e4ssig. <\/p>\n\n\n\n<p>Der\nAusschluss ist zul\u00e4ssig, wenn das Mitglied seinen Verpflichtungen dem Verein\ngegen\u00fcber nicht nachkommt oder eine den Bestrebungen des Vereins\nzuwiderlaufende T\u00e4tigkeit aus\u00fcbt oder die zur Aufnahme erforderliche\nEigenschaft verliert. <\/p>\n\n\n\n<p>\u00dcber\nden Ausschluss entscheidet der engere Vorstand. <\/p>\n\n\n\n<p><strong>\u00a7\n6 Mitgliedsbeitr\u00e4ge <\/strong><\/p>\n\n\n\n<p>Der\nVerein erhebt Mitgliedsbeitr\u00e4ge. Die H\u00f6he des Jahresbeitrages wird von der <\/p>\n\n\n\n<p>Mitgliederversammlung\nfestgesetzt. <\/p>\n\n\n\n<p><strong>\u00a7\n7 Rechte und Pflichten der Mitglieder <\/strong><\/p>\n\n\n\n<p>Die\nMitglieder sind berechtigt: <\/p>\n\n\n\n<p>a)\nAntr\u00e4ge an den Vorstand zu stellen. <\/p>\n\n\n\n<p>b)\nIn der Mitgliederversammlung Stimmrecht auszu\u00fcben. <\/p>\n\n\n\n<p>Jedes\nMitglied ist verpflichtet: <\/p>\n\n\n\n<p>a)\nDie Satzung und die Beschl\u00fcsse des Vorstandes und der Mitgliederversammlung zu <\/p>\n\n\n\n<p>befolgen.\n<\/p>\n\n\n\n<p>b)\nDie von\nder Mitgliederversammlung festgesetzten Beitr\u00e4ge p\u00fcnktlich zu <\/p>\n\n\n\n<p>entrichten.\n<\/p>\n\n\n\n<p><strong>\u00a7\n8 Organe des Vereins <\/strong><\/p>\n\n\n\n<p>Organe\ndes Vereins sind: <\/p>\n\n\n\n<p>a)\nDer Vorstand (engere und erweiterte Vorstand) <\/p>\n\n\n\n<p>b)\nDie Mitgliederversammlung <\/p>\n\n\n\n<p><strong>\u00a7 9 Engere Vorstand <\/strong><\/p>\n\n\n\n<p>Der\nengere Vorstand besteht aus: <\/p>\n\n\n\n<p>1.\nVorsitzender <\/p>\n\n\n\n<p>2.\nVorsitzender \u2013 Stellvertreter <\/p>\n\n\n\n<p>3.\n2 Beisitzer <\/p>\n\n\n\n<p>4.\nSchriftf\u00fchrer <\/p>\n\n\n\n<p>5.\nSchriftf\u00fchrer \u2013 Stellvertreter <\/p>\n\n\n\n<p>6.\nKassierer <\/p>\n\n\n\n<p>7.\nKassierer \u2013 Stellvertreter <\/p>\n\n\n\n<p>Vorstand\nim Sinne \u00a7 26 BGB sind jeweils 3 Mitglieder des engeren Vorstandes gemeinsam. <\/p>\n\n\n\n<p>F\u00fcr\ndie inneren Angelegenheiten des Vereins wird bestimmt, dass in jedem Fall der\nVorsitzende, im Verhinderungsfall dessen Stellvertreter mitwirken muss. <\/p>\n\n\n\n<p>Der\nengere Vorstand wird von der Mitgliederversammlung auf die Dauer von drei\nJahren gew\u00e4hlt. Ausnahmen: Im Jahr vor dem Grenzgangfest, im Jahr des\nGrenzgangfestes und im Jahr nach einem Grenzgangfest soll eine Wahl nicht\ndurchgef\u00fchrt werden. Er ist f\u00fcr alle Angelegenheiten des Vereins zust\u00e4ndig,\nsoweit sie nicht durch die Satzung dem erweiterten Vorstand zugewiesen sind. <\/p>\n\n\n\n<p>Er\nhat vor allem folgende Aufgaben: <\/p>\n\n\n\n<p>1.\nVorbereitung der Mitgliederversammlung und Aufstellung der Tagesordnungen <\/p>\n\n\n\n<p>2.\nEinberufung der Mitgliederversammlung <\/p>\n\n\n\n<p>3.\nAusf\u00fchrung der Beschl\u00fcsse der Mitgliederversammlung. <\/p>\n\n\n\n<p>Der\nengere Vorstand ist verpflichtet, in allen wichtigen Angelegenheiten die\nMeinung des erweiterten Vorstandes einzuholen. Soweit Dritte beteiligt oder\nbetroffen sind, wird die Wirksamkeit des Rechtsgesch\u00e4ftes durch eine\nNichteinholung nicht ber\u00fchrt. Scheidet ein Mitglied des engeren Vorstandes w\u00e4hrend\nder Amtsdauer aus, so kann der engere Vorstand ein Ersatzmitglied f\u00fcr die\nrestliche Amtsperiode des Ausgeschiedenen w\u00e4hlen. <\/p>\n\n\n\n<p>Der\nengere Vorstand bleibt somit so lange im Amt, bis ein neuer Vorstand gew\u00e4hlt\nist. <\/p>\n\n\n\n<p>Der\nVorstand ist Beschlussf\u00e4hig, wenn mindestens f\u00fcnf Vorstandsmitglieder, darunter\nder <\/p>\n\n\n\n<p>Vorsitzende\noder der Stellvertreter, anwesend sind. Bei der Beschlussfassung entscheidet\ndie Mehrheit der abgegebenen g\u00fcltigen Stimmen. <\/p>\n\n\n\n<p><strong>\u00a7\n10 Erweiterter Vorstand <\/strong><\/p>\n\n\n\n<p>Der\nerweiterte Vorstand besteht aus mindestens 8 Mitgliedern und hat den\nrechtlichen Status eines Beirats oder Ausschusses. <\/p>\n\n\n\n<p>Die\nMitglieder werden von der Mitgliederversammlung gew\u00e4hlt. W\u00e4hlbar sind nur\nVereinsmitglieder. Die Mitglieder des erweiterten Vorstandes besitzen keine\nVertretungsberechtigung im Sinne von \u00a7 26 BGB. Diese ist allein dem engeren\nVorstand vorbehalten. <\/p>\n\n\n\n<p>Der\nerweiterte Vorstand hat die Aufgabe, den engeren Vorstand in wichtigen\nVereinsangelegenheiten zu unterst\u00fctzen und zu beraten. <\/p>\n\n\n\n<p><strong>\u00a7 11 Mitgliederversammlung <\/strong><\/p>\n\n\n\n<p>Die\nVersammlung wird durch den Vorsitzenden oder dessen Stellvertreter unter\nEinhaltung einer Ladungsfrist von zwei Wochen mittels Ver\u00f6ffentlichungen im\nMitteilungsblatt der Gemeinde M\u00fcnchhausen einberufen. Sie ist mindestens einmal\nim Jahr einzuberufen. Bei der Einberufung ist die vom engeren Vorstand\nfestgesetzte Tagesordnung mitzuteilen. <\/p>\n\n\n\n<p>Au\u00dferdem\nmuss sie neu einberufen werden, wenn das Interesse des Vereins es erfordert,\noder wenn die Einberufung von einem f\u00fcnftel der Mitglieder unter Angabe des\nZwecks und der Gr\u00fcnde schriftlich verlangt wird. Die Mitgliederversammlung wird\nvom Vorsitzenden oder dessen Stellvertreter geleitet, soweit Verhinderung\nvorliegt, w\u00e4hlt die Mitgliederversammlung aus ihrer Mitte den\nVersammlungsleiter. <\/p>\n\n\n\n<p>Der\nMitgliederversammlung obliegen insbesondere folgende Aufgaben: <\/p>\n\n\n\n<p>1.)\nWahl des engeren Vorstandes <\/p>\n\n\n\n<p>2.)\nWahl des erweiterten Vorstandes <\/p>\n\n\n\n<p>3.)\nWahl der Kassenpr\u00fcfer <\/p>\n\n\n\n<p>4.)\nEntgegennahme des Berichts des engeren Vorstandes und Entlastung des\nerweiterten <\/p>\n\n\n\n<p>Vorstandes\n<\/p>\n\n\n\n<p>5.)\nFestsetzung der H\u00f6he und der F\u00e4lligkeit der Beitr\u00e4ge <\/p>\n\n\n\n<p>6.)\nWahl und Abberufung der Mitglieder des engeren und erweiterten Vorstandes <\/p>\n\n\n\n<p>7.)\nBeschlussfassung \u00fcber \u00c4nderung der Satzung und \u00fcber die Aufl\u00f6sung des Vereins <\/p>\n\n\n\n<p>Jedes\nMitglied hat Stimmrecht. Das Stimmrecht kann nur pers\u00f6nlich ausge\u00fcbt werden. <\/p>\n\n\n\n<p>Die\nBeschl\u00fcsse der Mitgliederversammlung werden grunds\u00e4tzlich mit einfacher\nMehrheit gefasst. Bei Stimmgleichheit gilt der Antrag als abgelehnt. <\/p>\n\n\n\n<p>Zur\n\u00c4nderung der Satzung und Beschlussfassung \u00fcber die Vereinsaufl\u00f6sung ist jedoch\neine Mehrheit von zwei Dritteln der abgegebenen g\u00fcltigen Stimmen erforderlich.\nZum Zwecke einer Vereinsaufl\u00f6sung muss eine gesonderte Versammlung einberufen\nwerden. <\/p>\n\n\n\n<p>Die\nWahlen erfolgen, wenn kein Widerspruch erfolgt, durch Handaufheben. <\/p>\n\n\n\n<p>Derjenige\ngilt als gew\u00e4hlt, der mehr als die H\u00e4lfte der abgegebenen Stimmen erh\u00e4lt. \u00dcber\neine geheime Abstimmung entscheidet die Mitgliederversammlung. <\/p>\n\n\n\n<p>\u00dcber\njede Mitgliederversammlung und Vorstandssitzung ist eine Niederschrift zu\nfertigen und vom Vorsitzenden (bzw. Versammlungsleiter) und Schriftf\u00fchrer zu\nunterzeichnen. <\/p>\n\n\n\n<p><strong>\u00a7\n12 Aufl\u00f6sung des Vereines <\/strong><\/p>\n\n\n\n<p>Bei\nAufl\u00f6sung des Vereins oder bei Wegfall seines bisherigen Zweckes f\u00e4llt das\nVerm\u00f6gen des Vereins an die Gemeinde M\u00fcnchhausen die es unmittelbar und ausschlie\u00dflich\nf\u00fcr gemeinn\u00fctzige Zwecke im Sinne von \u00a7 2 der Satzung im OT Wollmar zu\nverwenden hat. <\/p>\n\n\n\n<p>Die\nSatzung wurde in der Mitgliederversammlung vom 05.07.1977 erstellt. <\/p>\n\n\n\n<p>Die\nSatzung wurde in der Mitgliederversammlung vom 14.04.1978 ge\u00e4ndert. <\/p>\n\n\n\n<p>Die Satzung wurde in der Mitgliederversammlung vom\n24.01.2003 ge\u00e4ndert.<\/p>\n","protected":false},"excerpt":{"rendered":"<p>\u00a7 1 Name und Sitz Der Verein f\u00fchrt den Namen Grenzgangverein Wollmar e.V. Der Sitz des Vereins ist M\u00fcnchhausen-Wollmar. Der Verein verfolgt ausschlie\u00dflich gemeinn\u00fctzige Zwecke im Sinne der Vorschriften des dritten Abschnittes der Abgabenordnung 1977 vom 16.03.1976. \u00a7 2 Zweck des Vereines 1. Der Grenzgangverein Wollmar hat insbesondere den Zweck der F\u00f6rderung der heimatlichen Sitten [&hellip;]<\/p>\n","protected":false},"author":1,"featured_media":0,"parent":0,"menu_order":0,"comment_status":"closed","ping_status":"closed","template":"","meta":{"ngg_post_thumbnail":0,"footnotes":""},"class_list":["post-3361","page","type-page","status-publish","hentry","wpbf-post"],"yoast_head":"<!-- This site is optimized with the Yoast SEO plugin v26.6 - https:\/\/yoast.com\/wordpress\/plugins\/seo\/ -->\n<title>Satzung : Grenzgangverein Wollmar e.V.<\/title>\n<meta name=\"robots\" content=\"index, follow, max-snippet:-1, max-image-preview:large, max-video-preview:-1\" \/>\n<link rel=\"canonical\" href=\"https:\/\/www.grenzgang-wollmar.com\/home\/satzung\/\" \/>\n<meta property=\"og:locale\" content=\"de_DE\" \/>\n<meta property=\"og:type\" content=\"article\" \/>\n<meta property=\"og:title\" content=\"Satzung : Grenzgangverein Wollmar e.V.\" \/>\n<meta property=\"og:description\" content=\"\u00a7 1 Name und Sitz Der Verein f\u00fchrt den Namen Grenzgangverein Wollmar e.V. Der Sitz des Vereins ist M\u00fcnchhausen-Wollmar. Der Verein verfolgt ausschlie\u00dflich gemeinn\u00fctzige Zwecke im Sinne der Vorschriften des dritten Abschnittes der Abgabenordnung 1977 vom 16.03.1976. \u00a7 2 Zweck des Vereines 1. Der Grenzgangverein Wollmar hat insbesondere den Zweck der F\u00f6rderung der heimatlichen Sitten [&hellip;]\" \/>\n<meta property=\"og:url\" content=\"https:\/\/www.grenzgang-wollmar.com\/home\/satzung\/\" \/>\n<meta property=\"og:site_name\" content=\"Grenzgangverein Wollmar e.V.\" \/>\n<meta property=\"article:publisher\" content=\"https:\/\/www.facebook.com\/GrenzgangvereinWollmar\" \/>\n<meta property=\"article:modified_time\" content=\"2020-03-05T17:10:34+00:00\" \/>\n<meta name=\"twitter:card\" content=\"summary_large_image\" \/>\n<meta name=\"twitter:label1\" content=\"Gesch\u00e4tzte Lesezeit\" \/>\n\t<meta name=\"twitter:data1\" content=\"6\u00a0Minuten\" \/>\n<script type=\"application\/ld+json\" class=\"yoast-schema-graph\">{\"@context\":\"https:\/\/schema.org\",\"@graph\":[{\"@type\":\"WebPage\",\"@id\":\"https:\/\/www.grenzgang-wollmar.com\/home\/satzung\/\",\"url\":\"https:\/\/www.grenzgang-wollmar.com\/home\/satzung\/\",\"name\":\"Satzung : Grenzgangverein Wollmar e.V.\",\"isPartOf\":{\"@id\":\"https:\/\/www.grenzgang-wollmar.com\/home\/#website\"},\"datePublished\":\"2020-03-05T17:10:06+00:00\",\"dateModified\":\"2020-03-05T17:10:34+00:00\",\"breadcrumb\":{\"@id\":\"https:\/\/www.grenzgang-wollmar.com\/home\/satzung\/#breadcrumb\"},\"inLanguage\":\"de\",\"potentialAction\":[{\"@type\":\"ReadAction\",\"target\":[\"https:\/\/www.grenzgang-wollmar.com\/home\/satzung\/\"]}]},{\"@type\":\"BreadcrumbList\",\"@id\":\"https:\/\/www.grenzgang-wollmar.com\/home\/satzung\/#breadcrumb\",\"itemListElement\":[{\"@type\":\"ListItem\",\"position\":1,\"name\":\"Startseite\",\"item\":\"https:\/\/www.grenzgang-wollmar.com\/home\/\"},{\"@type\":\"ListItem\",\"position\":2,\"name\":\"Satzung\"}]},{\"@type\":\"WebSite\",\"@id\":\"https:\/\/www.grenzgang-wollmar.com\/home\/#website\",\"url\":\"https:\/\/www.grenzgang-wollmar.com\/home\/\",\"name\":\"Grenzgangverein Wollmar\",\"description\":\"\",\"publisher\":{\"@id\":\"https:\/\/www.grenzgang-wollmar.com\/home\/#organization\"},\"potentialAction\":[{\"@type\":\"SearchAction\",\"target\":{\"@type\":\"EntryPoint\",\"urlTemplate\":\"https:\/\/www.grenzgang-wollmar.com\/home\/?s={search_term_string}\"},\"query-input\":{\"@type\":\"PropertyValueSpecification\",\"valueRequired\":true,\"valueName\":\"search_term_string\"}}],\"inLanguage\":\"de\"},{\"@type\":\"Organization\",\"@id\":\"https:\/\/www.grenzgang-wollmar.com\/home\/#organization\",\"name\":\"Grenzgangverein Wollmar\",\"url\":\"https:\/\/www.grenzgang-wollmar.com\/home\/\",\"logo\":{\"@type\":\"ImageObject\",\"inLanguage\":\"de\",\"@id\":\"https:\/\/www.grenzgang-wollmar.com\/home\/#\/schema\/logo\/image\/\",\"url\":\"https:\/\/i0.wp.com\/www.grenzgang-wollmar.com\/wp-content\/uploads\/2019\/09\/Fahne.jpg?fit=295%2C395&ssl=1\",\"contentUrl\":\"https:\/\/i0.wp.com\/www.grenzgang-wollmar.com\/wp-content\/uploads\/2019\/09\/Fahne.jpg?fit=295%2C395&ssl=1\",\"width\":295,\"height\":395,\"caption\":\"Grenzgangverein Wollmar\"},\"image\":{\"@id\":\"https:\/\/www.grenzgang-wollmar.com\/home\/#\/schema\/logo\/image\/\"},\"sameAs\":[\"https:\/\/www.facebook.com\/GrenzgangvereinWollmar\"]}]}<\/script>\n<!-- \/ Yoast SEO plugin. -->","yoast_head_json":{"title":"Satzung : Grenzgangverein Wollmar e.V.","robots":{"index":"index","follow":"follow","max-snippet":"max-snippet:-1","max-image-preview":"max-image-preview:large","max-video-preview":"max-video-preview:-1"},"canonical":"https:\/\/www.grenzgang-wollmar.com\/home\/satzung\/","og_locale":"de_DE","og_type":"article","og_title":"Satzung : Grenzgangverein Wollmar e.V.","og_description":"\u00a7 1 Name und Sitz Der Verein f\u00fchrt den Namen Grenzgangverein Wollmar e.V. Der Sitz des Vereins ist M\u00fcnchhausen-Wollmar. Der Verein verfolgt ausschlie\u00dflich gemeinn\u00fctzige Zwecke im Sinne der Vorschriften des dritten Abschnittes der Abgabenordnung 1977 vom 16.03.1976. \u00a7 2 Zweck des Vereines 1. Der Grenzgangverein Wollmar hat insbesondere den Zweck der F\u00f6rderung der heimatlichen Sitten [&hellip;]","og_url":"https:\/\/www.grenzgang-wollmar.com\/home\/satzung\/","og_site_name":"Grenzgangverein Wollmar e.V.","article_publisher":"https:\/\/www.facebook.com\/GrenzgangvereinWollmar","article_modified_time":"2020-03-05T17:10:34+00:00","twitter_card":"summary_large_image","twitter_misc":{"Gesch\u00e4tzte Lesezeit":"6\u00a0Minuten"},"schema":{"@context":"https:\/\/schema.org","@graph":[{"@type":"WebPage","@id":"https:\/\/www.grenzgang-wollmar.com\/home\/satzung\/","url":"https:\/\/www.grenzgang-wollmar.com\/home\/satzung\/","name":"Satzung : Grenzgangverein Wollmar e.V.","isPartOf":{"@id":"https:\/\/www.grenzgang-wollmar.com\/home\/#website"},"datePublished":"2020-03-05T17:10:06+00:00","dateModified":"2020-03-05T17:10:34+00:00","breadcrumb":{"@id":"https:\/\/www.grenzgang-wollmar.com\/home\/satzung\/#breadcrumb"},"inLanguage":"de","potentialAction":[{"@type":"ReadAction","target":["https:\/\/www.grenzgang-wollmar.com\/home\/satzung\/"]}]},{"@type":"BreadcrumbList","@id":"https:\/\/www.grenzgang-wollmar.com\/home\/satzung\/#breadcrumb","itemListElement":[{"@type":"ListItem","position":1,"name":"Startseite","item":"https:\/\/www.grenzgang-wollmar.com\/home\/"},{"@type":"ListItem","position":2,"name":"Satzung"}]},{"@type":"WebSite","@id":"https:\/\/www.grenzgang-wollmar.com\/home\/#website","url":"https:\/\/www.grenzgang-wollmar.com\/home\/","name":"Grenzgangverein Wollmar","description":"","publisher":{"@id":"https:\/\/www.grenzgang-wollmar.com\/home\/#organization"},"potentialAction":[{"@type":"SearchAction","target":{"@type":"EntryPoint","urlTemplate":"https:\/\/www.grenzgang-wollmar.com\/home\/?s={search_term_string}"},"query-input":{"@type":"PropertyValueSpecification","valueRequired":true,"valueName":"search_term_string"}}],"inLanguage":"de"},{"@type":"Organization","@id":"https:\/\/www.grenzgang-wollmar.com\/home\/#organization","name":"Grenzgangverein Wollmar","url":"https:\/\/www.grenzgang-wollmar.com\/home\/","logo":{"@type":"ImageObject","inLanguage":"de","@id":"https:\/\/www.grenzgang-wollmar.com\/home\/#\/schema\/logo\/image\/","url":"https:\/\/i0.wp.com\/www.grenzgang-wollmar.com\/wp-content\/uploads\/2019\/09\/Fahne.jpg?fit=295%2C395&ssl=1","contentUrl":"https:\/\/i0.wp.com\/www.grenzgang-wollmar.com\/wp-content\/uploads\/2019\/09\/Fahne.jpg?fit=295%2C395&ssl=1","width":295,"height":395,"caption":"Grenzgangverein Wollmar"},"image":{"@id":"https:\/\/www.grenzgang-wollmar.com\/home\/#\/schema\/logo\/image\/"},"sameAs":["https:\/\/www.facebook.com\/GrenzgangvereinWollmar"]}]}},"jetpack_sharing_enabled":true,"_links":{"self":[{"href":"https:\/\/www.grenzgang-wollmar.com\/home\/wp-json\/wp\/v2\/pages\/3361","targetHints":{"allow":["GET"]}}],"collection":[{"href":"https:\/\/www.grenzgang-wollmar.com\/home\/wp-json\/wp\/v2\/pages"}],"about":[{"href":"https:\/\/www.grenzgang-wollmar.com\/home\/wp-json\/wp\/v2\/types\/page"}],"author":[{"embeddable":true,"href":"https:\/\/www.grenzgang-wollmar.com\/home\/wp-json\/wp\/v2\/users\/1"}],"replies":[{"embeddable":true,"href":"https:\/\/www.grenzgang-wollmar.com\/home\/wp-json\/wp\/v2\/comments?post=3361"}],"version-history":[{"count":4,"href":"https:\/\/www.grenzgang-wollmar.com\/home\/wp-json\/wp\/v2\/pages\/3361\/revisions"}],"predecessor-version":[{"id":3365,"href":"https:\/\/www.grenzgang-wollmar.com\/home\/wp-json\/wp\/v2\/pages\/3361\/revisions\/3365"}],"wp:attachment":[{"href":"https:\/\/www.grenzgang-wollmar.com\/home\/wp-json\/wp\/v2\/media?parent=3361"}],"curies":[{"name":"wp","href":"https:\/\/api.w.org\/{rel}","templated":true}]}}