{"id":39,"date":"2019-09-20T18:12:15","date_gmt":"2019-09-20T16:12:15","guid":{"rendered":"https:\/\/www.grenzgang-wollmar.com\/home\/?page_id=39"},"modified":"2025-02-23T12:42:23","modified_gmt":"2025-02-23T11:42:23","slug":"der-verein","status":"publish","type":"page","link":"https:\/\/www.grenzgang-wollmar.com\/home\/der-verein\/","title":{"rendered":"Der Verein"},"content":{"rendered":"\n<p>Der\nGrenzgangverein Wollmar e.V. wurde am 05. Juli 1977 von 63 Personen gegr\u00fcndet\nund in das Vereinsregister des Amtsgerichts Marburg eingetragen. Der Verein hat\nheute \u00fcber 300 Mitglieder. Der Grenzgangverein ist ein Verein, in dem sich\nFreunde u. F\u00f6rderer der Sitten und Gebr\u00e4uche und besonders des alle sieben\nJahre stattfindenden heimatlichen Festes &#8211; dem Grenzgangfest &#8211; in seiner\nTradition zusammengeschlossen haben. Jede Person, die das 14. Lebensjahr\nvollendet hat, kann Mitglied im Verein werden. Der Grenzgangverein Wollmar e.V.\nhat insbesondere den Zweck der F\u00f6rderung der heimatlichen Sitten u. Gebr\u00e4uche,\nder Kultur, des Umwelt-, Landschafts- und Denkmalschutzes; sowie die\nTrachtenpflege, die Errichtung und Erhaltung von Gr\u00fcnanlagen; sowie die Pflege\nvon Kulturwerten. Er ist verantwortlich f\u00fcr das alle sieben Jahre stattfindende\nGrenzgangfest. Der Verein ist selbstlos t\u00e4tig und verfolgt ausschlie\u00dflich\ngemeinn\u00fctzige Zwecke.<\/p>\n\n\n\n<figure class=\"wp-block-image alignright is-resized\"><img data-recalc-dims=\"1\" loading=\"lazy\" decoding=\"async\" width=\"295\" height=\"395\" src=\"https:\/\/i0.wp.com\/www.grenzgang-wollmar.com\/wp-content\/uploads\/2019\/09\/Fahne.jpg?resize=295%2C395&#038;ssl=1\" alt=\"\" class=\"wp-image-44\" style=\"width:303px;height:406px\" srcset=\"https:\/\/i0.wp.com\/www.grenzgang-wollmar.com\/wp-content\/uploads\/2019\/09\/Fahne.jpg?w=295&amp;ssl=1 295w, https:\/\/i0.wp.com\/www.grenzgang-wollmar.com\/wp-content\/uploads\/2019\/09\/Fahne.jpg?resize=224%2C300&amp;ssl=1 224w\" sizes=\"auto, (max-width: 295px) 100vw, 295px\" \/><\/figure>\n\n\n\n<p>Der\nVerein nimmt regelm\u00e4\u00dfig an den historischen Grenzg\u00e4ngen in Biedenkopf,\nBuchenau, Go\u00dffelden und Wetter, sowie an anderen historischen und\ntraditionellen Festen in der n\u00e4heren Umgebung teil.<\/p>\n\n\n\n<p>Das erste Grenzgangfest in der Verantwortung des Grenzgangvereins war in 1978. Das Grenzgangfest 2027 ist somit das Siebte unter der Regie des Vereins, da durch die Corona-Ma\u00dfnahmen der Grenzgang 2020 leider ausfallen musste.<\/p>\n","protected":false},"excerpt":{"rendered":"<p>Der Grenzgangverein Wollmar e.V. wurde am 05. Juli 1977 von 63 Personen gegr\u00fcndet und in das Vereinsregister des Amtsgerichts Marburg eingetragen. Der Verein hat heute \u00fcber 300 Mitglieder. Der Grenzgangverein ist ein Verein, in dem sich Freunde u. F\u00f6rderer der Sitten und Gebr\u00e4uche und besonders des alle sieben Jahre stattfindenden heimatlichen Festes &#8211; dem Grenzgangfest [&hellip;]<\/p>\n","protected":false},"author":1,"featured_media":0,"parent":0,"menu_order":0,"comment_status":"closed","ping_status":"closed","template":"","meta":{"ngg_post_thumbnail":0,"footnotes":""},"class_list":["post-39","page","type-page","status-publish","hentry","wpbf-post"],"yoast_head":"<!-- This site is optimized with the Yoast SEO plugin v26.6 - https:\/\/yoast.com\/wordpress\/plugins\/seo\/ -->\n<title>Der Verein : Grenzgangverein Wollmar e.V.<\/title>\n<meta name=\"robots\" content=\"index, follow, max-snippet:-1, max-image-preview:large, max-video-preview:-1\" \/>\n<link rel=\"canonical\" href=\"https:\/\/www.grenzgang-wollmar.com\/home\/der-verein\/\" \/>\n<meta property=\"og:locale\" content=\"de_DE\" \/>\n<meta property=\"og:type\" content=\"article\" \/>\n<meta property=\"og:title\" content=\"Der Verein : Grenzgangverein Wollmar e.V.\" \/>\n<meta property=\"og:description\" content=\"Der Grenzgangverein Wollmar e.V. wurde am 05. Juli 1977 von 63 Personen gegr\u00fcndet und in das Vereinsregister des Amtsgerichts Marburg eingetragen. Der Verein hat heute \u00fcber 300 Mitglieder. Der Grenzgangverein ist ein Verein, in dem sich Freunde u. F\u00f6rderer der Sitten und Gebr\u00e4uche und besonders des alle sieben Jahre stattfindenden heimatlichen Festes &#8211; dem Grenzgangfest [&hellip;]\" \/>\n<meta property=\"og:url\" content=\"https:\/\/www.grenzgang-wollmar.com\/home\/der-verein\/\" \/>\n<meta property=\"og:site_name\" content=\"Grenzgangverein Wollmar e.V.\" \/>\n<meta property=\"article:publisher\" content=\"https:\/\/www.facebook.com\/GrenzgangvereinWollmar\" \/>\n<meta property=\"article:modified_time\" content=\"2025-02-23T11:42:23+00:00\" \/>\n<meta property=\"og:image\" content=\"https:\/\/www.grenzgang-wollmar.com\/wp-content\/uploads\/2019\/09\/Fahne.jpg\" \/>\n<meta name=\"twitter:card\" content=\"summary_large_image\" \/>\n<meta name=\"twitter:label1\" content=\"Gesch\u00e4tzte Lesezeit\" \/>\n\t<meta name=\"twitter:data1\" content=\"2\u00a0Minuten\" \/>\n<script type=\"application\/ld+json\" class=\"yoast-schema-graph\">{\"@context\":\"https:\/\/schema.org\",\"@graph\":[{\"@type\":\"WebPage\",\"@id\":\"https:\/\/www.grenzgang-wollmar.com\/home\/der-verein\/\",\"url\":\"https:\/\/www.grenzgang-wollmar.com\/home\/der-verein\/\",\"name\":\"Der Verein : Grenzgangverein Wollmar e.V.\",\"isPartOf\":{\"@id\":\"https:\/\/www.grenzgang-wollmar.com\/home\/#website\"},\"primaryImageOfPage\":{\"@id\":\"https:\/\/www.grenzgang-wollmar.com\/home\/der-verein\/#primaryimage\"},\"image\":{\"@id\":\"https:\/\/www.grenzgang-wollmar.com\/home\/der-verein\/#primaryimage\"},\"thumbnailUrl\":\"https:\/\/www.grenzgang-wollmar.com\/wp-content\/uploads\/2019\/09\/Fahne.jpg\",\"datePublished\":\"2019-09-20T16:12:15+00:00\",\"dateModified\":\"2025-02-23T11:42:23+00:00\",\"breadcrumb\":{\"@id\":\"https:\/\/www.grenzgang-wollmar.com\/home\/der-verein\/#breadcrumb\"},\"inLanguage\":\"de\",\"potentialAction\":[{\"@type\":\"ReadAction\",\"target\":[\"https:\/\/www.grenzgang-wollmar.com\/home\/der-verein\/\"]}]},{\"@type\":\"ImageObject\",\"inLanguage\":\"de\",\"@id\":\"https:\/\/www.grenzgang-wollmar.com\/home\/der-verein\/#primaryimage\",\"url\":\"https:\/\/www.grenzgang-wollmar.com\/wp-content\/uploads\/2019\/09\/Fahne.jpg\",\"contentUrl\":\"https:\/\/www.grenzgang-wollmar.com\/wp-content\/uploads\/2019\/09\/Fahne.jpg\"},{\"@type\":\"BreadcrumbList\",\"@id\":\"https:\/\/www.grenzgang-wollmar.com\/home\/der-verein\/#breadcrumb\",\"itemListElement\":[{\"@type\":\"ListItem\",\"position\":1,\"name\":\"Startseite\",\"item\":\"https:\/\/www.grenzgang-wollmar.com\/home\/\"},{\"@type\":\"ListItem\",\"position\":2,\"name\":\"Der Verein\"}]},{\"@type\":\"WebSite\",\"@id\":\"https:\/\/www.grenzgang-wollmar.com\/home\/#website\",\"url\":\"https:\/\/www.grenzgang-wollmar.com\/home\/\",\"name\":\"Grenzgangverein Wollmar\",\"description\":\"\",\"publisher\":{\"@id\":\"https:\/\/www.grenzgang-wollmar.com\/home\/#organization\"},\"potentialAction\":[{\"@type\":\"SearchAction\",\"target\":{\"@type\":\"EntryPoint\",\"urlTemplate\":\"https:\/\/www.grenzgang-wollmar.com\/home\/?s={search_term_string}\"},\"query-input\":{\"@type\":\"PropertyValueSpecification\",\"valueRequired\":true,\"valueName\":\"search_term_string\"}}],\"inLanguage\":\"de\"},{\"@type\":\"Organization\",\"@id\":\"https:\/\/www.grenzgang-wollmar.com\/home\/#organization\",\"name\":\"Grenzgangverein Wollmar\",\"url\":\"https:\/\/www.grenzgang-wollmar.com\/home\/\",\"logo\":{\"@type\":\"ImageObject\",\"inLanguage\":\"de\",\"@id\":\"https:\/\/www.grenzgang-wollmar.com\/home\/#\/schema\/logo\/image\/\",\"url\":\"https:\/\/i0.wp.com\/www.grenzgang-wollmar.com\/wp-content\/uploads\/2019\/09\/Fahne.jpg?fit=295%2C395&ssl=1\",\"contentUrl\":\"https:\/\/i0.wp.com\/www.grenzgang-wollmar.com\/wp-content\/uploads\/2019\/09\/Fahne.jpg?fit=295%2C395&ssl=1\",\"width\":295,\"height\":395,\"caption\":\"Grenzgangverein Wollmar\"},\"image\":{\"@id\":\"https:\/\/www.grenzgang-wollmar.com\/home\/#\/schema\/logo\/image\/\"},\"sameAs\":[\"https:\/\/www.facebook.com\/GrenzgangvereinWollmar\"]}]}<\/script>\n<!-- \/ Yoast SEO plugin. -->","yoast_head_json":{"title":"Der Verein : Grenzgangverein Wollmar e.V.","robots":{"index":"index","follow":"follow","max-snippet":"max-snippet:-1","max-image-preview":"max-image-preview:large","max-video-preview":"max-video-preview:-1"},"canonical":"https:\/\/www.grenzgang-wollmar.com\/home\/der-verein\/","og_locale":"de_DE","og_type":"article","og_title":"Der Verein : Grenzgangverein Wollmar e.V.","og_description":"Der Grenzgangverein Wollmar e.V. wurde am 05. Juli 1977 von 63 Personen gegr\u00fcndet und in das Vereinsregister des Amtsgerichts Marburg eingetragen. Der Verein hat heute \u00fcber 300 Mitglieder. Der Grenzgangverein ist ein Verein, in dem sich Freunde u. F\u00f6rderer der Sitten und Gebr\u00e4uche und besonders des alle sieben Jahre stattfindenden heimatlichen Festes &#8211; dem Grenzgangfest [&hellip;]","og_url":"https:\/\/www.grenzgang-wollmar.com\/home\/der-verein\/","og_site_name":"Grenzgangverein Wollmar e.V.","article_publisher":"https:\/\/www.facebook.com\/GrenzgangvereinWollmar","article_modified_time":"2025-02-23T11:42:23+00:00","og_image":[{"url":"https:\/\/www.grenzgang-wollmar.com\/wp-content\/uploads\/2019\/09\/Fahne.jpg","type":"","width":"","height":""}],"twitter_card":"summary_large_image","twitter_misc":{"Gesch\u00e4tzte Lesezeit":"2\u00a0Minuten"},"schema":{"@context":"https:\/\/schema.org","@graph":[{"@type":"WebPage","@id":"https:\/\/www.grenzgang-wollmar.com\/home\/der-verein\/","url":"https:\/\/www.grenzgang-wollmar.com\/home\/der-verein\/","name":"Der Verein : Grenzgangverein Wollmar e.V.","isPartOf":{"@id":"https:\/\/www.grenzgang-wollmar.com\/home\/#website"},"primaryImageOfPage":{"@id":"https:\/\/www.grenzgang-wollmar.com\/home\/der-verein\/#primaryimage"},"image":{"@id":"https:\/\/www.grenzgang-wollmar.com\/home\/der-verein\/#primaryimage"},"thumbnailUrl":"https:\/\/www.grenzgang-wollmar.com\/wp-content\/uploads\/2019\/09\/Fahne.jpg","datePublished":"2019-09-20T16:12:15+00:00","dateModified":"2025-02-23T11:42:23+00:00","breadcrumb":{"@id":"https:\/\/www.grenzgang-wollmar.com\/home\/der-verein\/#breadcrumb"},"inLanguage":"de","potentialAction":[{"@type":"ReadAction","target":["https:\/\/www.grenzgang-wollmar.com\/home\/der-verein\/"]}]},{"@type":"ImageObject","inLanguage":"de","@id":"https:\/\/www.grenzgang-wollmar.com\/home\/der-verein\/#primaryimage","url":"https:\/\/www.grenzgang-wollmar.com\/wp-content\/uploads\/2019\/09\/Fahne.jpg","contentUrl":"https:\/\/www.grenzgang-wollmar.com\/wp-content\/uploads\/2019\/09\/Fahne.jpg"},{"@type":"BreadcrumbList","@id":"https:\/\/www.grenzgang-wollmar.com\/home\/der-verein\/#breadcrumb","itemListElement":[{"@type":"ListItem","position":1,"name":"Startseite","item":"https:\/\/www.grenzgang-wollmar.com\/home\/"},{"@type":"ListItem","position":2,"name":"Der Verein"}]},{"@type":"WebSite","@id":"https:\/\/www.grenzgang-wollmar.com\/home\/#website","url":"https:\/\/www.grenzgang-wollmar.com\/home\/","name":"Grenzgangverein Wollmar","description":"","publisher":{"@id":"https:\/\/www.grenzgang-wollmar.com\/home\/#organization"},"potentialAction":[{"@type":"SearchAction","target":{"@type":"EntryPoint","urlTemplate":"https:\/\/www.grenzgang-wollmar.com\/home\/?s={search_term_string}"},"query-input":{"@type":"PropertyValueSpecification","valueRequired":true,"valueName":"search_term_string"}}],"inLanguage":"de"},{"@type":"Organization","@id":"https:\/\/www.grenzgang-wollmar.com\/home\/#organization","name":"Grenzgangverein Wollmar","url":"https:\/\/www.grenzgang-wollmar.com\/home\/","logo":{"@type":"ImageObject","inLanguage":"de","@id":"https:\/\/www.grenzgang-wollmar.com\/home\/#\/schema\/logo\/image\/","url":"https:\/\/i0.wp.com\/www.grenzgang-wollmar.com\/wp-content\/uploads\/2019\/09\/Fahne.jpg?fit=295%2C395&ssl=1","contentUrl":"https:\/\/i0.wp.com\/www.grenzgang-wollmar.com\/wp-content\/uploads\/2019\/09\/Fahne.jpg?fit=295%2C395&ssl=1","width":295,"height":395,"caption":"Grenzgangverein Wollmar"},"image":{"@id":"https:\/\/www.grenzgang-wollmar.com\/home\/#\/schema\/logo\/image\/"},"sameAs":["https:\/\/www.facebook.com\/GrenzgangvereinWollmar"]}]}},"jetpack_sharing_enabled":true,"_links":{"self":[{"href":"https:\/\/www.grenzgang-wollmar.com\/home\/wp-json\/wp\/v2\/pages\/39","targetHints":{"allow":["GET"]}}],"collection":[{"href":"https:\/\/www.grenzgang-wollmar.com\/home\/wp-json\/wp\/v2\/pages"}],"about":[{"href":"https:\/\/www.grenzgang-wollmar.com\/home\/wp-json\/wp\/v2\/types\/page"}],"author":[{"embeddable":true,"href":"https:\/\/www.grenzgang-wollmar.com\/home\/wp-json\/wp\/v2\/users\/1"}],"replies":[{"embeddable":true,"href":"https:\/\/www.grenzgang-wollmar.com\/home\/wp-json\/wp\/v2\/comments?post=39"}],"version-history":[{"count":3,"href":"https:\/\/www.grenzgang-wollmar.com\/home\/wp-json\/wp\/v2\/pages\/39\/revisions"}],"predecessor-version":[{"id":3485,"href":"https:\/\/www.grenzgang-wollmar.com\/home\/wp-json\/wp\/v2\/pages\/39\/revisions\/3485"}],"wp:attachment":[{"href":"https:\/\/www.grenzgang-wollmar.com\/home\/wp-json\/wp\/v2\/media?parent=39"}],"curies":[{"name":"wp","href":"https:\/\/api.w.org\/{rel}","templated":true}]}}