{"id":46,"date":"2019-09-20T18:21:44","date_gmt":"2019-09-20T16:21:44","guid":{"rendered":"https:\/\/www.grenzgang-wollmar.com\/home\/?page_id=46"},"modified":"2025-02-23T12:32:03","modified_gmt":"2025-02-23T11:32:03","slug":"grenzgangsburschen","status":"publish","type":"page","link":"https:\/\/www.grenzgang-wollmar.com\/home\/grenzgangsburschen\/","title":{"rendered":"Grenzgangburschen"},"content":{"rendered":"\n<figure class=\"wp-block-image aligncenter size-large\"><img data-recalc-dims=\"1\" loading=\"lazy\" decoding=\"async\" width=\"768\" height=\"1024\" src=\"https:\/\/i0.wp.com\/www.grenzgang-wollmar.com\/wp-content\/uploads\/2025\/02\/GGB-2027-1.jpg?resize=768%2C1024&#038;ssl=1\" alt=\"\" class=\"wp-image-3479\" srcset=\"https:\/\/i0.wp.com\/www.grenzgang-wollmar.com\/wp-content\/uploads\/2025\/02\/GGB-2027-1.jpg?resize=768%2C1024&amp;ssl=1 768w, https:\/\/i0.wp.com\/www.grenzgang-wollmar.com\/wp-content\/uploads\/2025\/02\/GGB-2027-1.jpg?resize=225%2C300&amp;ssl=1 225w, https:\/\/i0.wp.com\/www.grenzgang-wollmar.com\/wp-content\/uploads\/2025\/02\/GGB-2027-1.jpg?resize=1152%2C1536&amp;ssl=1 1152w, https:\/\/i0.wp.com\/www.grenzgang-wollmar.com\/wp-content\/uploads\/2025\/02\/GGB-2027-1.jpg?w=1536&amp;ssl=1 1536w\" sizes=\"auto, (max-width: 768px) 100vw, 768px\" \/><figcaption class=\"wp-element-caption\">Die Grenzgangburschen 2020 von hinten links: Jasper Trusheim, Elias Sch\u00e4fer, Fynn M\u00fcller, Dennis Bitter, Christopher Gnau, Philipp Zimmer, Jonathan Seipp, Jannis Freiling<\/figcaption><\/figure>\n\n\n\n<p>Traditionell\nsind die Grenzgangburschen eine Gruppe von acht jungen, ledigen und\nvollj\u00e4hrigen M\u00e4nnern, zur Zeit im Alter von achtzehn bis vierundzwanzig Jahren.\nGew\u00e4hlt werden sie drei Jahre vor dem Grenzgangfest auf der\nJahreshauptversammlung des Grenzgangvereins.<\/p>\n\n\n\n<p>Ihre\nAufgaben bestehen vor dem Grenzgangfest aus<\/p>\n\n\n\n<ul class=\"wp-block-list\">\n<li>Pflege der Grenzsteine und Wege, die beim Grenzgang begangen werden<\/li>\n\n\n\n<li>Bauen von Br\u00fccken und Stegen \u00fcber Gel\u00e4ndehindernisse<\/li>\n\n\n\n<li>Repr\u00e4sentation des Ortes Wollmar bei anderen Grenzg\u00e4ngen und \u00e4hnlichen historischen Festen der Nachbargemeinden<\/li>\n\n\n\n<li>Tragen der Vereinsfahne bei Festumz\u00fcgen<\/li>\n\n\n\n<li>Tatkr\u00e4ftige Unterst\u00fctzung bei Aktionen des Grenzgangvereins<\/li>\n<\/ul>\n\n\n\n<p>W\u00e4hrend\ndes Grenzganges<\/p>\n\n\n\n<ul class=\"wp-block-list\">\n<li>Anf\u00fchren der Grenzg\u00e4nger<\/li>\n\n\n\n<li>Vorgeben des Marschtempos w\u00e4hrend des Grenzganges<\/li>\n\n\n\n<li>Heben von Ehreng\u00e4sten, prominenten G\u00e4sten und Personen auf die Grenzsteine<\/li>\n\n\n\n<li>Repr\u00e4sentation des Grenzgangvereins<\/li>\n\n\n\n<li>Steuern des zeitlichen Ablaufs (Fr\u00fchst\u00fccksplatzaufenthalte, Pausen)<\/li>\n<\/ul>\n\n\n\n<p>W\u00e4hrend\ndes Festes im Dorf<\/p>\n\n\n\n<ul class=\"wp-block-list\">\n<li>Ansprechpartner f\u00fcr G\u00e4ste<\/li>\n\n\n\n<li>Repr\u00e4sentation des Grenzgangvereins<\/li>\n<\/ul>\n\n\n\n<p>Zu\nerkennen sind die Grenzgangburschen an ihrer einheitlichen Kleidung, aktuell\nbestehend aus dunkler Hose, wei\u00dfem Hemd, Weste und schwarzem Hut mit\nGrenzgangtuch.<\/p>\n","protected":false},"excerpt":{"rendered":"<p>Traditionell sind die Grenzgangburschen eine Gruppe von acht jungen, ledigen und vollj\u00e4hrigen M\u00e4nnern, zur Zeit im Alter von achtzehn bis vierundzwanzig Jahren. Gew\u00e4hlt werden sie drei Jahre vor dem Grenzgangfest auf der Jahreshauptversammlung des Grenzgangvereins. Ihre Aufgaben bestehen vor dem Grenzgangfest aus W\u00e4hrend des Grenzganges W\u00e4hrend des Festes im Dorf Zu erkennen sind die Grenzgangburschen [&hellip;]<\/p>\n","protected":false},"author":1,"featured_media":0,"parent":0,"menu_order":0,"comment_status":"closed","ping_status":"closed","template":"","meta":{"ngg_post_thumbnail":0,"footnotes":""},"class_list":["post-46","page","type-page","status-publish","hentry","wpbf-post"],"yoast_head":"<!-- This site is optimized with the Yoast SEO plugin v26.6 - https:\/\/yoast.com\/wordpress\/plugins\/seo\/ -->\n<title>Grenzgangburschen : Grenzgangverein Wollmar e.V.<\/title>\n<meta name=\"robots\" content=\"index, follow, max-snippet:-1, max-image-preview:large, max-video-preview:-1\" \/>\n<link rel=\"canonical\" href=\"https:\/\/www.grenzgang-wollmar.com\/home\/grenzgangsburschen\/\" \/>\n<meta property=\"og:locale\" content=\"de_DE\" \/>\n<meta property=\"og:type\" content=\"article\" \/>\n<meta property=\"og:title\" content=\"Grenzgangburschen : Grenzgangverein Wollmar e.V.\" \/>\n<meta property=\"og:description\" content=\"Traditionell sind die Grenzgangburschen eine Gruppe von acht jungen, ledigen und vollj\u00e4hrigen M\u00e4nnern, zur Zeit im Alter von achtzehn bis vierundzwanzig Jahren. Gew\u00e4hlt werden sie drei Jahre vor dem Grenzgangfest auf der Jahreshauptversammlung des Grenzgangvereins. Ihre Aufgaben bestehen vor dem Grenzgangfest aus W\u00e4hrend des Grenzganges W\u00e4hrend des Festes im Dorf Zu erkennen sind die Grenzgangburschen [&hellip;]\" \/>\n<meta property=\"og:url\" content=\"https:\/\/www.grenzgang-wollmar.com\/home\/grenzgangsburschen\/\" \/>\n<meta property=\"og:site_name\" content=\"Grenzgangverein Wollmar e.V.\" \/>\n<meta property=\"article:publisher\" content=\"https:\/\/www.facebook.com\/GrenzgangvereinWollmar\" \/>\n<meta property=\"article:modified_time\" content=\"2025-02-23T11:32:03+00:00\" \/>\n<meta property=\"og:image\" content=\"https:\/\/www.grenzgang-wollmar.com\/wp-content\/uploads\/2025\/02\/GGB-2027-1-768x1024.jpg\" \/>\n<meta name=\"twitter:card\" content=\"summary_large_image\" \/>\n<meta name=\"twitter:label1\" content=\"Gesch\u00e4tzte Lesezeit\" \/>\n\t<meta name=\"twitter:data1\" content=\"2\u00a0Minuten\" \/>\n<script type=\"application\/ld+json\" class=\"yoast-schema-graph\">{\"@context\":\"https:\/\/schema.org\",\"@graph\":[{\"@type\":\"WebPage\",\"@id\":\"https:\/\/www.grenzgang-wollmar.com\/home\/grenzgangsburschen\/\",\"url\":\"https:\/\/www.grenzgang-wollmar.com\/home\/grenzgangsburschen\/\",\"name\":\"Grenzgangburschen : Grenzgangverein Wollmar e.V.\",\"isPartOf\":{\"@id\":\"https:\/\/www.grenzgang-wollmar.com\/home\/#website\"},\"primaryImageOfPage\":{\"@id\":\"https:\/\/www.grenzgang-wollmar.com\/home\/grenzgangsburschen\/#primaryimage\"},\"image\":{\"@id\":\"https:\/\/www.grenzgang-wollmar.com\/home\/grenzgangsburschen\/#primaryimage\"},\"thumbnailUrl\":\"https:\/\/www.grenzgang-wollmar.com\/wp-content\/uploads\/2025\/02\/GGB-2027-1-768x1024.jpg\",\"datePublished\":\"2019-09-20T16:21:44+00:00\",\"dateModified\":\"2025-02-23T11:32:03+00:00\",\"breadcrumb\":{\"@id\":\"https:\/\/www.grenzgang-wollmar.com\/home\/grenzgangsburschen\/#breadcrumb\"},\"inLanguage\":\"de\",\"potentialAction\":[{\"@type\":\"ReadAction\",\"target\":[\"https:\/\/www.grenzgang-wollmar.com\/home\/grenzgangsburschen\/\"]}]},{\"@type\":\"ImageObject\",\"inLanguage\":\"de\",\"@id\":\"https:\/\/www.grenzgang-wollmar.com\/home\/grenzgangsburschen\/#primaryimage\",\"url\":\"https:\/\/www.grenzgang-wollmar.com\/wp-content\/uploads\/2025\/02\/GGB-2027-1-768x1024.jpg\",\"contentUrl\":\"https:\/\/www.grenzgang-wollmar.com\/wp-content\/uploads\/2025\/02\/GGB-2027-1-768x1024.jpg\"},{\"@type\":\"BreadcrumbList\",\"@id\":\"https:\/\/www.grenzgang-wollmar.com\/home\/grenzgangsburschen\/#breadcrumb\",\"itemListElement\":[{\"@type\":\"ListItem\",\"position\":1,\"name\":\"Startseite\",\"item\":\"https:\/\/www.grenzgang-wollmar.com\/home\/\"},{\"@type\":\"ListItem\",\"position\":2,\"name\":\"Grenzgangburschen\"}]},{\"@type\":\"WebSite\",\"@id\":\"https:\/\/www.grenzgang-wollmar.com\/home\/#website\",\"url\":\"https:\/\/www.grenzgang-wollmar.com\/home\/\",\"name\":\"Grenzgangverein Wollmar\",\"description\":\"\",\"publisher\":{\"@id\":\"https:\/\/www.grenzgang-wollmar.com\/home\/#organization\"},\"potentialAction\":[{\"@type\":\"SearchAction\",\"target\":{\"@type\":\"EntryPoint\",\"urlTemplate\":\"https:\/\/www.grenzgang-wollmar.com\/home\/?s={search_term_string}\"},\"query-input\":{\"@type\":\"PropertyValueSpecification\",\"valueRequired\":true,\"valueName\":\"search_term_string\"}}],\"inLanguage\":\"de\"},{\"@type\":\"Organization\",\"@id\":\"https:\/\/www.grenzgang-wollmar.com\/home\/#organization\",\"name\":\"Grenzgangverein Wollmar\",\"url\":\"https:\/\/www.grenzgang-wollmar.com\/home\/\",\"logo\":{\"@type\":\"ImageObject\",\"inLanguage\":\"de\",\"@id\":\"https:\/\/www.grenzgang-wollmar.com\/home\/#\/schema\/logo\/image\/\",\"url\":\"https:\/\/i0.wp.com\/www.grenzgang-wollmar.com\/wp-content\/uploads\/2019\/09\/Fahne.jpg?fit=295%2C395&ssl=1\",\"contentUrl\":\"https:\/\/i0.wp.com\/www.grenzgang-wollmar.com\/wp-content\/uploads\/2019\/09\/Fahne.jpg?fit=295%2C395&ssl=1\",\"width\":295,\"height\":395,\"caption\":\"Grenzgangverein Wollmar\"},\"image\":{\"@id\":\"https:\/\/www.grenzgang-wollmar.com\/home\/#\/schema\/logo\/image\/\"},\"sameAs\":[\"https:\/\/www.facebook.com\/GrenzgangvereinWollmar\"]}]}<\/script>\n<!-- \/ Yoast SEO plugin. -->","yoast_head_json":{"title":"Grenzgangburschen : Grenzgangverein Wollmar e.V.","robots":{"index":"index","follow":"follow","max-snippet":"max-snippet:-1","max-image-preview":"max-image-preview:large","max-video-preview":"max-video-preview:-1"},"canonical":"https:\/\/www.grenzgang-wollmar.com\/home\/grenzgangsburschen\/","og_locale":"de_DE","og_type":"article","og_title":"Grenzgangburschen : Grenzgangverein Wollmar e.V.","og_description":"Traditionell sind die Grenzgangburschen eine Gruppe von acht jungen, ledigen und vollj\u00e4hrigen M\u00e4nnern, zur Zeit im Alter von achtzehn bis vierundzwanzig Jahren. Gew\u00e4hlt werden sie drei Jahre vor dem Grenzgangfest auf der Jahreshauptversammlung des Grenzgangvereins. Ihre Aufgaben bestehen vor dem Grenzgangfest aus W\u00e4hrend des Grenzganges W\u00e4hrend des Festes im Dorf Zu erkennen sind die Grenzgangburschen [&hellip;]","og_url":"https:\/\/www.grenzgang-wollmar.com\/home\/grenzgangsburschen\/","og_site_name":"Grenzgangverein Wollmar e.V.","article_publisher":"https:\/\/www.facebook.com\/GrenzgangvereinWollmar","article_modified_time":"2025-02-23T11:32:03+00:00","og_image":[{"url":"https:\/\/www.grenzgang-wollmar.com\/wp-content\/uploads\/2025\/02\/GGB-2027-1-768x1024.jpg","type":"","width":"","height":""}],"twitter_card":"summary_large_image","twitter_misc":{"Gesch\u00e4tzte Lesezeit":"2\u00a0Minuten"},"schema":{"@context":"https:\/\/schema.org","@graph":[{"@type":"WebPage","@id":"https:\/\/www.grenzgang-wollmar.com\/home\/grenzgangsburschen\/","url":"https:\/\/www.grenzgang-wollmar.com\/home\/grenzgangsburschen\/","name":"Grenzgangburschen : Grenzgangverein Wollmar e.V.","isPartOf":{"@id":"https:\/\/www.grenzgang-wollmar.com\/home\/#website"},"primaryImageOfPage":{"@id":"https:\/\/www.grenzgang-wollmar.com\/home\/grenzgangsburschen\/#primaryimage"},"image":{"@id":"https:\/\/www.grenzgang-wollmar.com\/home\/grenzgangsburschen\/#primaryimage"},"thumbnailUrl":"https:\/\/www.grenzgang-wollmar.com\/wp-content\/uploads\/2025\/02\/GGB-2027-1-768x1024.jpg","datePublished":"2019-09-20T16:21:44+00:00","dateModified":"2025-02-23T11:32:03+00:00","breadcrumb":{"@id":"https:\/\/www.grenzgang-wollmar.com\/home\/grenzgangsburschen\/#breadcrumb"},"inLanguage":"de","potentialAction":[{"@type":"ReadAction","target":["https:\/\/www.grenzgang-wollmar.com\/home\/grenzgangsburschen\/"]}]},{"@type":"ImageObject","inLanguage":"de","@id":"https:\/\/www.grenzgang-wollmar.com\/home\/grenzgangsburschen\/#primaryimage","url":"https:\/\/www.grenzgang-wollmar.com\/wp-content\/uploads\/2025\/02\/GGB-2027-1-768x1024.jpg","contentUrl":"https:\/\/www.grenzgang-wollmar.com\/wp-content\/uploads\/2025\/02\/GGB-2027-1-768x1024.jpg"},{"@type":"BreadcrumbList","@id":"https:\/\/www.grenzgang-wollmar.com\/home\/grenzgangsburschen\/#breadcrumb","itemListElement":[{"@type":"ListItem","position":1,"name":"Startseite","item":"https:\/\/www.grenzgang-wollmar.com\/home\/"},{"@type":"ListItem","position":2,"name":"Grenzgangburschen"}]},{"@type":"WebSite","@id":"https:\/\/www.grenzgang-wollmar.com\/home\/#website","url":"https:\/\/www.grenzgang-wollmar.com\/home\/","name":"Grenzgangverein Wollmar","description":"","publisher":{"@id":"https:\/\/www.grenzgang-wollmar.com\/home\/#organization"},"potentialAction":[{"@type":"SearchAction","target":{"@type":"EntryPoint","urlTemplate":"https:\/\/www.grenzgang-wollmar.com\/home\/?s={search_term_string}"},"query-input":{"@type":"PropertyValueSpecification","valueRequired":true,"valueName":"search_term_string"}}],"inLanguage":"de"},{"@type":"Organization","@id":"https:\/\/www.grenzgang-wollmar.com\/home\/#organization","name":"Grenzgangverein Wollmar","url":"https:\/\/www.grenzgang-wollmar.com\/home\/","logo":{"@type":"ImageObject","inLanguage":"de","@id":"https:\/\/www.grenzgang-wollmar.com\/home\/#\/schema\/logo\/image\/","url":"https:\/\/i0.wp.com\/www.grenzgang-wollmar.com\/wp-content\/uploads\/2019\/09\/Fahne.jpg?fit=295%2C395&ssl=1","contentUrl":"https:\/\/i0.wp.com\/www.grenzgang-wollmar.com\/wp-content\/uploads\/2019\/09\/Fahne.jpg?fit=295%2C395&ssl=1","width":295,"height":395,"caption":"Grenzgangverein Wollmar"},"image":{"@id":"https:\/\/www.grenzgang-wollmar.com\/home\/#\/schema\/logo\/image\/"},"sameAs":["https:\/\/www.facebook.com\/GrenzgangvereinWollmar"]}]}},"jetpack_sharing_enabled":true,"_links":{"self":[{"href":"https:\/\/www.grenzgang-wollmar.com\/home\/wp-json\/wp\/v2\/pages\/46","targetHints":{"allow":["GET"]}}],"collection":[{"href":"https:\/\/www.grenzgang-wollmar.com\/home\/wp-json\/wp\/v2\/pages"}],"about":[{"href":"https:\/\/www.grenzgang-wollmar.com\/home\/wp-json\/wp\/v2\/types\/page"}],"author":[{"embeddable":true,"href":"https:\/\/www.grenzgang-wollmar.com\/home\/wp-json\/wp\/v2\/users\/1"}],"replies":[{"embeddable":true,"href":"https:\/\/www.grenzgang-wollmar.com\/home\/wp-json\/wp\/v2\/comments?post=46"}],"version-history":[{"count":5,"href":"https:\/\/www.grenzgang-wollmar.com\/home\/wp-json\/wp\/v2\/pages\/46\/revisions"}],"predecessor-version":[{"id":3482,"href":"https:\/\/www.grenzgang-wollmar.com\/home\/wp-json\/wp\/v2\/pages\/46\/revisions\/3482"}],"wp:attachment":[{"href":"https:\/\/www.grenzgang-wollmar.com\/home\/wp-json\/wp\/v2\/media?parent=46"}],"curies":[{"name":"wp","href":"https:\/\/api.w.org\/{rel}","templated":true}]}}