{"id":49,"date":"2019-09-20T18:26:48","date_gmt":"2019-09-20T16:26:48","guid":{"rendered":"https:\/\/www.grenzgang-wollmar.com\/home\/?page_id=49"},"modified":"2020-01-10T18:51:04","modified_gmt":"2020-01-10T17:51:04","slug":"das-grenzganghaus","status":"publish","type":"page","link":"https:\/\/www.grenzgang-wollmar.com\/home\/das-grenzganghaus\/","title":{"rendered":"Das Grenzganghaus"},"content":{"rendered":"\n<div class=\"wp-block-image\"><figure class=\"alignright\"><img data-recalc-dims=\"1\" loading=\"lazy\" decoding=\"async\" width=\"300\" height=\"224\" src=\"https:\/\/i0.wp.com\/www.grenzgang-wollmar.com\/wp-content\/uploads\/2019\/09\/Grenzganghaus.jpg?resize=300%2C224&#038;ssl=1\" alt=\"\" class=\"wp-image-50\"\/><\/figure><\/div>\n\n\n\n<p><strong>Erbaut:<\/strong> 70er Jahre des 19. Jahrhunderts<\/p>\n\n\n\n<p><strong>Juli 1931:<\/strong> Erneuern der Au\u00dfentreppe<\/p>\n\n\n\n<p><strong>Oktober 1935:<\/strong> Erneuern des Au\u00dfenputzes &#8211; Anpassen der Fenster im Obergeschoss<\/p>\n\n\n\n<p><strong>Mai 1952:<\/strong> Schadhafte Innenwand entfernen und unterfangen &#8211; \u00c4u\u00dfere Wandfl\u00e4chen hell verputzen<\/p>\n\n\n\n<p><strong>Mai 1965:<\/strong> Einweihung der Mittelpunktschule M\u00fcnchhausen &#8211; hierdurch nur noch Schuljahre eins bis vier in Wollmar<\/p>\n\n\n\n<p><strong>Sommer 1966:<\/strong> Auch die vierte Klasse geht jetzt nach M\u00fcnchhausen zur Schule<\/p>\n\n\n\n<p><strong>01.01.1971:<\/strong> Endg\u00fcltige Aufl\u00f6sung der Grundschule Wollmar<\/p>\n\n\n\n<h3 class=\"wp-block-heading\">Umnutzung<\/h3>\n\n\n\n<p><strong>1975:<\/strong> Vermieten des Obergeschosses an Familie Bomball (Nutzung bis Mitte 1999) und abreissen der Nebengeb\u00e4ude, um Dorfgemeinschaftshaus errichten zu k\u00f6nnen<\/p>\n\n\n\n<p><strong>Anfang der 80er Jahre<\/strong>: Kirchengemeinde nutzt Unterrichtsraum als Jugendraum. Sp\u00e4ter Unterrichtsraum f\u00fcr &#8222;Freiwillige Feuerwehr&#8220; und \u00dcbungsraum f\u00fcr Kirchenchor.<\/p>\n\n\n\n<p><strong>1994:<\/strong> Einbau einer Toilettenanlage neben dem Unterrichtsraum<\/p>\n\n\n\n<p><strong>1999:<\/strong> Beseitigung eines Hausschwammbefalls<\/p>\n\n\n\n<h3 class=\"wp-block-heading\">Heutige Nutzung<\/h3>\n\n\n\n<p><strong>1999:<\/strong> Grenzgangverein und Trachtengruppe entschlie\u00dfen sich ein Heimatmuseum einzurichten<\/p>\n\n\n\n<p><strong>2001:<\/strong> Aufnahme der Renovierung in eine europ\u00e4ische F\u00f6rderma\u00dfnahme.<br> Grenzgangverein Wollmar e.V., Trachtengruppe Wollmar e.V. und Ort Wollmar beteiligen sich mit Eigenmitteln an der Finanzierung und f\u00fchren die Renovierung in Eigenleistung durch.<\/p>\n\n\n\n<p><strong>03. Juni 2004<\/strong>\n\nF\u00fcr den Umbau des Geb\u00e4udes zum&nbsp;<strong>&#8222;Grenzganghaus&#8220;<\/strong>&nbsp;wird\ndie Genehmigung durch das Bauamt des Landkreises Marburg-Biedenkopf erteilt.\n\n\n\n<\/p>\n","protected":false},"excerpt":{"rendered":"<p>Erbaut: 70er Jahre des 19. Jahrhunderts Juli 1931: Erneuern der Au\u00dfentreppe Oktober 1935: Erneuern des Au\u00dfenputzes &#8211; Anpassen der Fenster im Obergeschoss Mai 1952: Schadhafte Innenwand entfernen und unterfangen &#8211; \u00c4u\u00dfere Wandfl\u00e4chen hell verputzen Mai 1965: Einweihung der Mittelpunktschule M\u00fcnchhausen &#8211; hierdurch nur noch Schuljahre eins bis vier in Wollmar Sommer 1966: Auch die vierte [&hellip;]<\/p>\n","protected":false},"author":1,"featured_media":0,"parent":0,"menu_order":0,"comment_status":"closed","ping_status":"closed","template":"","meta":{"ngg_post_thumbnail":0,"footnotes":""},"class_list":["post-49","page","type-page","status-publish","hentry","wpbf-post"],"yoast_head":"<!-- This site is optimized with the Yoast SEO plugin v26.6 - https:\/\/yoast.com\/wordpress\/plugins\/seo\/ -->\n<title>Das Grenzganghaus : Grenzgangverein Wollmar e.V.<\/title>\n<meta name=\"robots\" content=\"index, follow, max-snippet:-1, max-image-preview:large, max-video-preview:-1\" \/>\n<link rel=\"canonical\" href=\"https:\/\/www.grenzgang-wollmar.com\/home\/das-grenzganghaus\/\" \/>\n<meta property=\"og:locale\" content=\"de_DE\" \/>\n<meta property=\"og:type\" content=\"article\" \/>\n<meta property=\"og:title\" content=\"Das Grenzganghaus : Grenzgangverein Wollmar e.V.\" \/>\n<meta property=\"og:description\" content=\"Erbaut: 70er Jahre des 19. Jahrhunderts Juli 1931: Erneuern der Au\u00dfentreppe Oktober 1935: Erneuern des Au\u00dfenputzes &#8211; Anpassen der Fenster im Obergeschoss Mai 1952: Schadhafte Innenwand entfernen und unterfangen &#8211; \u00c4u\u00dfere Wandfl\u00e4chen hell verputzen Mai 1965: Einweihung der Mittelpunktschule M\u00fcnchhausen &#8211; hierdurch nur noch Schuljahre eins bis vier in Wollmar Sommer 1966: Auch die vierte [&hellip;]\" \/>\n<meta property=\"og:url\" content=\"https:\/\/www.grenzgang-wollmar.com\/home\/das-grenzganghaus\/\" \/>\n<meta property=\"og:site_name\" content=\"Grenzgangverein Wollmar e.V.\" \/>\n<meta property=\"article:publisher\" content=\"https:\/\/www.facebook.com\/GrenzgangvereinWollmar\" \/>\n<meta property=\"article:modified_time\" content=\"2020-01-10T17:51:04+00:00\" \/>\n<meta property=\"og:image\" content=\"https:\/\/www.grenzgang-wollmar.com\/wp-content\/uploads\/2019\/09\/Grenzganghaus.jpg\" \/>\n<meta name=\"twitter:card\" content=\"summary_large_image\" \/>\n<meta name=\"twitter:label1\" content=\"Gesch\u00e4tzte Lesezeit\" \/>\n\t<meta name=\"twitter:data1\" content=\"1\u00a0Minute\" \/>\n<script type=\"application\/ld+json\" class=\"yoast-schema-graph\">{\"@context\":\"https:\/\/schema.org\",\"@graph\":[{\"@type\":\"WebPage\",\"@id\":\"https:\/\/www.grenzgang-wollmar.com\/home\/das-grenzganghaus\/\",\"url\":\"https:\/\/www.grenzgang-wollmar.com\/home\/das-grenzganghaus\/\",\"name\":\"Das Grenzganghaus : Grenzgangverein Wollmar e.V.\",\"isPartOf\":{\"@id\":\"https:\/\/www.grenzgang-wollmar.com\/home\/#website\"},\"primaryImageOfPage\":{\"@id\":\"https:\/\/www.grenzgang-wollmar.com\/home\/das-grenzganghaus\/#primaryimage\"},\"image\":{\"@id\":\"https:\/\/www.grenzgang-wollmar.com\/home\/das-grenzganghaus\/#primaryimage\"},\"thumbnailUrl\":\"https:\/\/www.grenzgang-wollmar.com\/wp-content\/uploads\/2019\/09\/Grenzganghaus.jpg\",\"datePublished\":\"2019-09-20T16:26:48+00:00\",\"dateModified\":\"2020-01-10T17:51:04+00:00\",\"breadcrumb\":{\"@id\":\"https:\/\/www.grenzgang-wollmar.com\/home\/das-grenzganghaus\/#breadcrumb\"},\"inLanguage\":\"de\",\"potentialAction\":[{\"@type\":\"ReadAction\",\"target\":[\"https:\/\/www.grenzgang-wollmar.com\/home\/das-grenzganghaus\/\"]}]},{\"@type\":\"ImageObject\",\"inLanguage\":\"de\",\"@id\":\"https:\/\/www.grenzgang-wollmar.com\/home\/das-grenzganghaus\/#primaryimage\",\"url\":\"https:\/\/www.grenzgang-wollmar.com\/wp-content\/uploads\/2019\/09\/Grenzganghaus.jpg\",\"contentUrl\":\"https:\/\/www.grenzgang-wollmar.com\/wp-content\/uploads\/2019\/09\/Grenzganghaus.jpg\"},{\"@type\":\"BreadcrumbList\",\"@id\":\"https:\/\/www.grenzgang-wollmar.com\/home\/das-grenzganghaus\/#breadcrumb\",\"itemListElement\":[{\"@type\":\"ListItem\",\"position\":1,\"name\":\"Startseite\",\"item\":\"https:\/\/www.grenzgang-wollmar.com\/home\/\"},{\"@type\":\"ListItem\",\"position\":2,\"name\":\"Das Grenzganghaus\"}]},{\"@type\":\"WebSite\",\"@id\":\"https:\/\/www.grenzgang-wollmar.com\/home\/#website\",\"url\":\"https:\/\/www.grenzgang-wollmar.com\/home\/\",\"name\":\"Grenzgangverein Wollmar\",\"description\":\"\",\"publisher\":{\"@id\":\"https:\/\/www.grenzgang-wollmar.com\/home\/#organization\"},\"potentialAction\":[{\"@type\":\"SearchAction\",\"target\":{\"@type\":\"EntryPoint\",\"urlTemplate\":\"https:\/\/www.grenzgang-wollmar.com\/home\/?s={search_term_string}\"},\"query-input\":{\"@type\":\"PropertyValueSpecification\",\"valueRequired\":true,\"valueName\":\"search_term_string\"}}],\"inLanguage\":\"de\"},{\"@type\":\"Organization\",\"@id\":\"https:\/\/www.grenzgang-wollmar.com\/home\/#organization\",\"name\":\"Grenzgangverein Wollmar\",\"url\":\"https:\/\/www.grenzgang-wollmar.com\/home\/\",\"logo\":{\"@type\":\"ImageObject\",\"inLanguage\":\"de\",\"@id\":\"https:\/\/www.grenzgang-wollmar.com\/home\/#\/schema\/logo\/image\/\",\"url\":\"https:\/\/i0.wp.com\/www.grenzgang-wollmar.com\/wp-content\/uploads\/2019\/09\/Fahne.jpg?fit=295%2C395&ssl=1\",\"contentUrl\":\"https:\/\/i0.wp.com\/www.grenzgang-wollmar.com\/wp-content\/uploads\/2019\/09\/Fahne.jpg?fit=295%2C395&ssl=1\",\"width\":295,\"height\":395,\"caption\":\"Grenzgangverein Wollmar\"},\"image\":{\"@id\":\"https:\/\/www.grenzgang-wollmar.com\/home\/#\/schema\/logo\/image\/\"},\"sameAs\":[\"https:\/\/www.facebook.com\/GrenzgangvereinWollmar\"]}]}<\/script>\n<!-- \/ Yoast SEO plugin. -->","yoast_head_json":{"title":"Das Grenzganghaus : Grenzgangverein Wollmar e.V.","robots":{"index":"index","follow":"follow","max-snippet":"max-snippet:-1","max-image-preview":"max-image-preview:large","max-video-preview":"max-video-preview:-1"},"canonical":"https:\/\/www.grenzgang-wollmar.com\/home\/das-grenzganghaus\/","og_locale":"de_DE","og_type":"article","og_title":"Das Grenzganghaus : Grenzgangverein Wollmar e.V.","og_description":"Erbaut: 70er Jahre des 19. Jahrhunderts Juli 1931: Erneuern der Au\u00dfentreppe Oktober 1935: Erneuern des Au\u00dfenputzes &#8211; Anpassen der Fenster im Obergeschoss Mai 1952: Schadhafte Innenwand entfernen und unterfangen &#8211; \u00c4u\u00dfere Wandfl\u00e4chen hell verputzen Mai 1965: Einweihung der Mittelpunktschule M\u00fcnchhausen &#8211; hierdurch nur noch Schuljahre eins bis vier in Wollmar Sommer 1966: Auch die vierte [&hellip;]","og_url":"https:\/\/www.grenzgang-wollmar.com\/home\/das-grenzganghaus\/","og_site_name":"Grenzgangverein Wollmar e.V.","article_publisher":"https:\/\/www.facebook.com\/GrenzgangvereinWollmar","article_modified_time":"2020-01-10T17:51:04+00:00","og_image":[{"url":"https:\/\/www.grenzgang-wollmar.com\/wp-content\/uploads\/2019\/09\/Grenzganghaus.jpg","type":"","width":"","height":""}],"twitter_card":"summary_large_image","twitter_misc":{"Gesch\u00e4tzte Lesezeit":"1\u00a0Minute"},"schema":{"@context":"https:\/\/schema.org","@graph":[{"@type":"WebPage","@id":"https:\/\/www.grenzgang-wollmar.com\/home\/das-grenzganghaus\/","url":"https:\/\/www.grenzgang-wollmar.com\/home\/das-grenzganghaus\/","name":"Das Grenzganghaus : Grenzgangverein Wollmar e.V.","isPartOf":{"@id":"https:\/\/www.grenzgang-wollmar.com\/home\/#website"},"primaryImageOfPage":{"@id":"https:\/\/www.grenzgang-wollmar.com\/home\/das-grenzganghaus\/#primaryimage"},"image":{"@id":"https:\/\/www.grenzgang-wollmar.com\/home\/das-grenzganghaus\/#primaryimage"},"thumbnailUrl":"https:\/\/www.grenzgang-wollmar.com\/wp-content\/uploads\/2019\/09\/Grenzganghaus.jpg","datePublished":"2019-09-20T16:26:48+00:00","dateModified":"2020-01-10T17:51:04+00:00","breadcrumb":{"@id":"https:\/\/www.grenzgang-wollmar.com\/home\/das-grenzganghaus\/#breadcrumb"},"inLanguage":"de","potentialAction":[{"@type":"ReadAction","target":["https:\/\/www.grenzgang-wollmar.com\/home\/das-grenzganghaus\/"]}]},{"@type":"ImageObject","inLanguage":"de","@id":"https:\/\/www.grenzgang-wollmar.com\/home\/das-grenzganghaus\/#primaryimage","url":"https:\/\/www.grenzgang-wollmar.com\/wp-content\/uploads\/2019\/09\/Grenzganghaus.jpg","contentUrl":"https:\/\/www.grenzgang-wollmar.com\/wp-content\/uploads\/2019\/09\/Grenzganghaus.jpg"},{"@type":"BreadcrumbList","@id":"https:\/\/www.grenzgang-wollmar.com\/home\/das-grenzganghaus\/#breadcrumb","itemListElement":[{"@type":"ListItem","position":1,"name":"Startseite","item":"https:\/\/www.grenzgang-wollmar.com\/home\/"},{"@type":"ListItem","position":2,"name":"Das Grenzganghaus"}]},{"@type":"WebSite","@id":"https:\/\/www.grenzgang-wollmar.com\/home\/#website","url":"https:\/\/www.grenzgang-wollmar.com\/home\/","name":"Grenzgangverein Wollmar","description":"","publisher":{"@id":"https:\/\/www.grenzgang-wollmar.com\/home\/#organization"},"potentialAction":[{"@type":"SearchAction","target":{"@type":"EntryPoint","urlTemplate":"https:\/\/www.grenzgang-wollmar.com\/home\/?s={search_term_string}"},"query-input":{"@type":"PropertyValueSpecification","valueRequired":true,"valueName":"search_term_string"}}],"inLanguage":"de"},{"@type":"Organization","@id":"https:\/\/www.grenzgang-wollmar.com\/home\/#organization","name":"Grenzgangverein Wollmar","url":"https:\/\/www.grenzgang-wollmar.com\/home\/","logo":{"@type":"ImageObject","inLanguage":"de","@id":"https:\/\/www.grenzgang-wollmar.com\/home\/#\/schema\/logo\/image\/","url":"https:\/\/i0.wp.com\/www.grenzgang-wollmar.com\/wp-content\/uploads\/2019\/09\/Fahne.jpg?fit=295%2C395&ssl=1","contentUrl":"https:\/\/i0.wp.com\/www.grenzgang-wollmar.com\/wp-content\/uploads\/2019\/09\/Fahne.jpg?fit=295%2C395&ssl=1","width":295,"height":395,"caption":"Grenzgangverein Wollmar"},"image":{"@id":"https:\/\/www.grenzgang-wollmar.com\/home\/#\/schema\/logo\/image\/"},"sameAs":["https:\/\/www.facebook.com\/GrenzgangvereinWollmar"]}]}},"jetpack_sharing_enabled":true,"_links":{"self":[{"href":"https:\/\/www.grenzgang-wollmar.com\/home\/wp-json\/wp\/v2\/pages\/49","targetHints":{"allow":["GET"]}}],"collection":[{"href":"https:\/\/www.grenzgang-wollmar.com\/home\/wp-json\/wp\/v2\/pages"}],"about":[{"href":"https:\/\/www.grenzgang-wollmar.com\/home\/wp-json\/wp\/v2\/types\/page"}],"author":[{"embeddable":true,"href":"https:\/\/www.grenzgang-wollmar.com\/home\/wp-json\/wp\/v2\/users\/1"}],"replies":[{"embeddable":true,"href":"https:\/\/www.grenzgang-wollmar.com\/home\/wp-json\/wp\/v2\/comments?post=49"}],"version-history":[{"count":5,"href":"https:\/\/www.grenzgang-wollmar.com\/home\/wp-json\/wp\/v2\/pages\/49\/revisions"}],"predecessor-version":[{"id":3173,"href":"https:\/\/www.grenzgang-wollmar.com\/home\/wp-json\/wp\/v2\/pages\/49\/revisions\/3173"}],"wp:attachment":[{"href":"https:\/\/www.grenzgang-wollmar.com\/home\/wp-json\/wp\/v2\/media?parent=49"}],"curies":[{"name":"wp","href":"https:\/\/api.w.org\/{rel}","templated":true}]}}