{"id":56,"date":"2019-09-20T18:37:11","date_gmt":"2019-09-20T16:37:11","guid":{"rendered":"https:\/\/www.grenzgang-wollmar.com\/home\/?page_id=56"},"modified":"2019-09-20T18:37:11","modified_gmt":"2019-09-20T16:37:11","slug":"hintergruende-des-grenzgang","status":"publish","type":"page","link":"https:\/\/www.grenzgang-wollmar.com\/home\/hintergruende-des-grenzgang\/","title":{"rendered":"Hintergr\u00fcnde des Grenzgang"},"content":{"rendered":"\n<div class=\"wp-block-image\"><figure class=\"alignright\"><img data-recalc-dims=\"1\" loading=\"lazy\" decoding=\"async\" width=\"296\" height=\"297\" src=\"https:\/\/i0.wp.com\/www.grenzgang-wollmar.com\/wp-content\/uploads\/2019\/09\/Grenze.jpg?resize=296%2C297&#038;ssl=1\" alt=\"\" class=\"wp-image-40\" srcset=\"https:\/\/i0.wp.com\/www.grenzgang-wollmar.com\/wp-content\/uploads\/2019\/09\/Grenze.jpg?w=296&amp;ssl=1 296w, https:\/\/i0.wp.com\/www.grenzgang-wollmar.com\/wp-content\/uploads\/2019\/09\/Grenze.jpg?resize=150%2C150&amp;ssl=1 150w, https:\/\/i0.wp.com\/www.grenzgang-wollmar.com\/wp-content\/uploads\/2019\/09\/Grenze.jpg?resize=200%2C200&amp;ssl=1 200w\" sizes=\"auto, (max-width: 296px) 100vw, 296px\" \/><\/figure><\/div>\n\n\n\n<p>Der Ort\nWollmar liegt an der historischen Grenze von Hessen-Kassel (HC) und\nHessen-Darmstadt (HD). Diese Grenze entstand nach dem 30-j\u00e4hrigen Krieg,\nnachdem der &#8222;Friedensvertrag von M\u00fcnster&#8220; (24.10.1648) geschlossen\nwurde. Diese historische Grenze beginnt am &#8222;Dreiherrenstein&#8220; im Tal\nder Nuhne, im ehemaligen Landkreis Frankenberg. Im Jahre 1866 wurde schlie\u00dflich\ndiese Landesgrenze aufgehoben, da sowohl Hessen-Kassel, als auch\nHessen-Darmstadt dem Preu\u00dfischen Staat zugeordnet wurden. Ein Teil der Grenze\nist heute gleichzeitig die Grenze zwischen der Stadt Battenberg und der\nGemeinde M\u00fcnchhausen, der Kurhessischen Landeskirche und der Landeskirche\nHessen-Nassau, der Landkreise Waldeck-Frankenberg und Marburg-Biedenkopf und\nder Gemarkungen Laisa, Berghofen und Wollmar. Sie f\u00fchrt entlang der Grenze\nWollmars.<\/p>\n\n\n\n<p>Da zu der\ndamaligen Zeit jeder kleinste Acker bzw. Wald sehr wertvoll und wichtig f\u00fcr die\nBauern und Gemeinden war, wurden im Laufe der Jahrzehnte h\u00e4ufiger einmal die\nGrenzen etwas verschoben. Die Grenzen waren in der Regel festgelegt durch etwa\nB\u00e4ume, B\u00fcsche, Hecken oder auch durch Graben. Mit der Zeit jedoch setzte man\nzur Kennzeichnung der Grenze die so genannten Grenzsteine, welche fortlaufend\nnummeriert wurden. In Wollmar befinden sich heute noch Grenzsteine, welche in\nden Jahren 1650, 1669 und 1754 gesetzt wurden.<\/p>\n\n\n\n<p>Besonders in\nWald- oder abgelegenen Gebieten traten solche Grenzverschiebungen h\u00e4ufiger auf.\nDaher begann man in angemessenen Zeitr\u00e4umen die Gemarkungsgrenze der Gemeinde\nzu begehen. Es wurden neben Amtspersonen, auch &#8222;Feldgeschworene&#8220; der\nbetroffenen Gemeinden gew\u00e4hlt, um die Ordnung der Grenze zu \u00fcberpr\u00fcfen und\nsicher zu stellen. Diese Grenzbegehungen als erforderliche Notwendigkeit, waren\nsehr wichtig, um Auseinandersetzungen mit den jeweiligen Nachbargemeinden\nbez\u00fcglich des korrekten Grenzverlaufes zu schlichten und zur Einigung zu\nbringen. Etwaige Grenzverletzungen mussten den zust\u00e4ndigen \u00c4mtern gemeldet\nwerden.<\/p>\n\n\n\n<p>Es war\n\u00fcblich unter den so genannten Hoheitssteinen, &#8222;Zeugen&#8220; zu vergraben.\nDiese Zeugen (z.B.: materielle Gegenst\u00e4nde) dienten der Beweissicherung, falls\nGrenzsteine zu Unrecht versetzt wurden. Und diese Sicherung bildete bis zur\nEinf\u00fchrung der Grundb\u00fccher, die einzigen Beweise zur rechtlichen Sicherheit der\nGrenzsteine\/Grenzen.<\/p>\n\n\n\n<div class=\"wp-block-image\"><figure class=\"aligncenter\"><img data-recalc-dims=\"1\" loading=\"lazy\" decoding=\"async\" width=\"486\" height=\"952\" src=\"https:\/\/i0.wp.com\/www.grenzgang-wollmar.com\/wp-content\/uploads\/2019\/09\/Historische-Grenze.jpg?resize=486%2C952&#038;ssl=1\" alt=\"\" class=\"wp-image-57\" srcset=\"https:\/\/i0.wp.com\/www.grenzgang-wollmar.com\/wp-content\/uploads\/2019\/09\/Historische-Grenze.jpg?w=486&amp;ssl=1 486w, https:\/\/i0.wp.com\/www.grenzgang-wollmar.com\/wp-content\/uploads\/2019\/09\/Historische-Grenze.jpg?resize=153%2C300&amp;ssl=1 153w\" sizes=\"auto, (max-width: 486px) 100vw, 486px\" \/><\/figure><\/div>\n","protected":false},"excerpt":{"rendered":"<p>Der Ort Wollmar liegt an der historischen Grenze von Hessen-Kassel (HC) und Hessen-Darmstadt (HD). Diese Grenze entstand nach dem 30-j\u00e4hrigen Krieg, nachdem der &#8222;Friedensvertrag von M\u00fcnster&#8220; (24.10.1648) geschlossen wurde. Diese historische Grenze beginnt am &#8222;Dreiherrenstein&#8220; im Tal der Nuhne, im ehemaligen Landkreis Frankenberg. Im Jahre 1866 wurde schlie\u00dflich diese Landesgrenze aufgehoben, da sowohl Hessen-Kassel, als [&hellip;]<\/p>\n","protected":false},"author":1,"featured_media":0,"parent":0,"menu_order":0,"comment_status":"closed","ping_status":"closed","template":"","meta":{"ngg_post_thumbnail":0,"footnotes":""},"class_list":["post-56","page","type-page","status-publish","hentry","wpbf-post"],"yoast_head":"<!-- This site is optimized with the Yoast SEO plugin v26.6 - https:\/\/yoast.com\/wordpress\/plugins\/seo\/ -->\n<title>Hintergr\u00fcnde des Grenzgang : Grenzgangverein Wollmar e.V.<\/title>\n<meta name=\"robots\" content=\"index, follow, max-snippet:-1, max-image-preview:large, max-video-preview:-1\" \/>\n<link rel=\"canonical\" href=\"https:\/\/www.grenzgang-wollmar.com\/home\/hintergruende-des-grenzgang\/\" \/>\n<meta property=\"og:locale\" content=\"de_DE\" \/>\n<meta property=\"og:type\" content=\"article\" \/>\n<meta property=\"og:title\" content=\"Hintergr\u00fcnde des Grenzgang : Grenzgangverein Wollmar e.V.\" \/>\n<meta property=\"og:description\" content=\"Der Ort Wollmar liegt an der historischen Grenze von Hessen-Kassel (HC) und Hessen-Darmstadt (HD). Diese Grenze entstand nach dem 30-j\u00e4hrigen Krieg, nachdem der &#8222;Friedensvertrag von M\u00fcnster&#8220; (24.10.1648) geschlossen wurde. Diese historische Grenze beginnt am &#8222;Dreiherrenstein&#8220; im Tal der Nuhne, im ehemaligen Landkreis Frankenberg. Im Jahre 1866 wurde schlie\u00dflich diese Landesgrenze aufgehoben, da sowohl Hessen-Kassel, als [&hellip;]\" \/>\n<meta property=\"og:url\" content=\"https:\/\/www.grenzgang-wollmar.com\/home\/hintergruende-des-grenzgang\/\" \/>\n<meta property=\"og:site_name\" content=\"Grenzgangverein Wollmar e.V.\" \/>\n<meta property=\"article:publisher\" content=\"https:\/\/www.facebook.com\/GrenzgangvereinWollmar\" \/>\n<meta property=\"og:image\" content=\"https:\/\/www.grenzgang-wollmar.com\/wp-content\/uploads\/2019\/09\/Grenze.jpg\" \/>\n<meta name=\"twitter:card\" content=\"summary_large_image\" \/>\n<meta name=\"twitter:label1\" content=\"Gesch\u00e4tzte Lesezeit\" \/>\n\t<meta name=\"twitter:data1\" content=\"2\u00a0Minuten\" \/>\n<script type=\"application\/ld+json\" class=\"yoast-schema-graph\">{\"@context\":\"https:\/\/schema.org\",\"@graph\":[{\"@type\":\"WebPage\",\"@id\":\"https:\/\/www.grenzgang-wollmar.com\/home\/hintergruende-des-grenzgang\/\",\"url\":\"https:\/\/www.grenzgang-wollmar.com\/home\/hintergruende-des-grenzgang\/\",\"name\":\"Hintergr\u00fcnde des Grenzgang : Grenzgangverein Wollmar e.V.\",\"isPartOf\":{\"@id\":\"https:\/\/www.grenzgang-wollmar.com\/home\/#website\"},\"primaryImageOfPage\":{\"@id\":\"https:\/\/www.grenzgang-wollmar.com\/home\/hintergruende-des-grenzgang\/#primaryimage\"},\"image\":{\"@id\":\"https:\/\/www.grenzgang-wollmar.com\/home\/hintergruende-des-grenzgang\/#primaryimage\"},\"thumbnailUrl\":\"https:\/\/www.grenzgang-wollmar.com\/wp-content\/uploads\/2019\/09\/Grenze.jpg\",\"datePublished\":\"2019-09-20T16:37:11+00:00\",\"breadcrumb\":{\"@id\":\"https:\/\/www.grenzgang-wollmar.com\/home\/hintergruende-des-grenzgang\/#breadcrumb\"},\"inLanguage\":\"de\",\"potentialAction\":[{\"@type\":\"ReadAction\",\"target\":[\"https:\/\/www.grenzgang-wollmar.com\/home\/hintergruende-des-grenzgang\/\"]}]},{\"@type\":\"ImageObject\",\"inLanguage\":\"de\",\"@id\":\"https:\/\/www.grenzgang-wollmar.com\/home\/hintergruende-des-grenzgang\/#primaryimage\",\"url\":\"https:\/\/www.grenzgang-wollmar.com\/wp-content\/uploads\/2019\/09\/Grenze.jpg\",\"contentUrl\":\"https:\/\/www.grenzgang-wollmar.com\/wp-content\/uploads\/2019\/09\/Grenze.jpg\"},{\"@type\":\"BreadcrumbList\",\"@id\":\"https:\/\/www.grenzgang-wollmar.com\/home\/hintergruende-des-grenzgang\/#breadcrumb\",\"itemListElement\":[{\"@type\":\"ListItem\",\"position\":1,\"name\":\"Startseite\",\"item\":\"https:\/\/www.grenzgang-wollmar.com\/home\/\"},{\"@type\":\"ListItem\",\"position\":2,\"name\":\"Hintergr\u00fcnde des Grenzgang\"}]},{\"@type\":\"WebSite\",\"@id\":\"https:\/\/www.grenzgang-wollmar.com\/home\/#website\",\"url\":\"https:\/\/www.grenzgang-wollmar.com\/home\/\",\"name\":\"Grenzgangverein Wollmar\",\"description\":\"\",\"publisher\":{\"@id\":\"https:\/\/www.grenzgang-wollmar.com\/home\/#organization\"},\"potentialAction\":[{\"@type\":\"SearchAction\",\"target\":{\"@type\":\"EntryPoint\",\"urlTemplate\":\"https:\/\/www.grenzgang-wollmar.com\/home\/?s={search_term_string}\"},\"query-input\":{\"@type\":\"PropertyValueSpecification\",\"valueRequired\":true,\"valueName\":\"search_term_string\"}}],\"inLanguage\":\"de\"},{\"@type\":\"Organization\",\"@id\":\"https:\/\/www.grenzgang-wollmar.com\/home\/#organization\",\"name\":\"Grenzgangverein Wollmar\",\"url\":\"https:\/\/www.grenzgang-wollmar.com\/home\/\",\"logo\":{\"@type\":\"ImageObject\",\"inLanguage\":\"de\",\"@id\":\"https:\/\/www.grenzgang-wollmar.com\/home\/#\/schema\/logo\/image\/\",\"url\":\"https:\/\/i0.wp.com\/www.grenzgang-wollmar.com\/wp-content\/uploads\/2019\/09\/Fahne.jpg?fit=295%2C395&ssl=1\",\"contentUrl\":\"https:\/\/i0.wp.com\/www.grenzgang-wollmar.com\/wp-content\/uploads\/2019\/09\/Fahne.jpg?fit=295%2C395&ssl=1\",\"width\":295,\"height\":395,\"caption\":\"Grenzgangverein Wollmar\"},\"image\":{\"@id\":\"https:\/\/www.grenzgang-wollmar.com\/home\/#\/schema\/logo\/image\/\"},\"sameAs\":[\"https:\/\/www.facebook.com\/GrenzgangvereinWollmar\"]}]}<\/script>\n<!-- \/ Yoast SEO plugin. -->","yoast_head_json":{"title":"Hintergr\u00fcnde des Grenzgang : Grenzgangverein Wollmar e.V.","robots":{"index":"index","follow":"follow","max-snippet":"max-snippet:-1","max-image-preview":"max-image-preview:large","max-video-preview":"max-video-preview:-1"},"canonical":"https:\/\/www.grenzgang-wollmar.com\/home\/hintergruende-des-grenzgang\/","og_locale":"de_DE","og_type":"article","og_title":"Hintergr\u00fcnde des Grenzgang : Grenzgangverein Wollmar e.V.","og_description":"Der Ort Wollmar liegt an der historischen Grenze von Hessen-Kassel (HC) und Hessen-Darmstadt (HD). Diese Grenze entstand nach dem 30-j\u00e4hrigen Krieg, nachdem der &#8222;Friedensvertrag von M\u00fcnster&#8220; (24.10.1648) geschlossen wurde. Diese historische Grenze beginnt am &#8222;Dreiherrenstein&#8220; im Tal der Nuhne, im ehemaligen Landkreis Frankenberg. Im Jahre 1866 wurde schlie\u00dflich diese Landesgrenze aufgehoben, da sowohl Hessen-Kassel, als [&hellip;]","og_url":"https:\/\/www.grenzgang-wollmar.com\/home\/hintergruende-des-grenzgang\/","og_site_name":"Grenzgangverein Wollmar e.V.","article_publisher":"https:\/\/www.facebook.com\/GrenzgangvereinWollmar","og_image":[{"url":"https:\/\/www.grenzgang-wollmar.com\/wp-content\/uploads\/2019\/09\/Grenze.jpg","type":"","width":"","height":""}],"twitter_card":"summary_large_image","twitter_misc":{"Gesch\u00e4tzte Lesezeit":"2\u00a0Minuten"},"schema":{"@context":"https:\/\/schema.org","@graph":[{"@type":"WebPage","@id":"https:\/\/www.grenzgang-wollmar.com\/home\/hintergruende-des-grenzgang\/","url":"https:\/\/www.grenzgang-wollmar.com\/home\/hintergruende-des-grenzgang\/","name":"Hintergr\u00fcnde des Grenzgang : Grenzgangverein Wollmar e.V.","isPartOf":{"@id":"https:\/\/www.grenzgang-wollmar.com\/home\/#website"},"primaryImageOfPage":{"@id":"https:\/\/www.grenzgang-wollmar.com\/home\/hintergruende-des-grenzgang\/#primaryimage"},"image":{"@id":"https:\/\/www.grenzgang-wollmar.com\/home\/hintergruende-des-grenzgang\/#primaryimage"},"thumbnailUrl":"https:\/\/www.grenzgang-wollmar.com\/wp-content\/uploads\/2019\/09\/Grenze.jpg","datePublished":"2019-09-20T16:37:11+00:00","breadcrumb":{"@id":"https:\/\/www.grenzgang-wollmar.com\/home\/hintergruende-des-grenzgang\/#breadcrumb"},"inLanguage":"de","potentialAction":[{"@type":"ReadAction","target":["https:\/\/www.grenzgang-wollmar.com\/home\/hintergruende-des-grenzgang\/"]}]},{"@type":"ImageObject","inLanguage":"de","@id":"https:\/\/www.grenzgang-wollmar.com\/home\/hintergruende-des-grenzgang\/#primaryimage","url":"https:\/\/www.grenzgang-wollmar.com\/wp-content\/uploads\/2019\/09\/Grenze.jpg","contentUrl":"https:\/\/www.grenzgang-wollmar.com\/wp-content\/uploads\/2019\/09\/Grenze.jpg"},{"@type":"BreadcrumbList","@id":"https:\/\/www.grenzgang-wollmar.com\/home\/hintergruende-des-grenzgang\/#breadcrumb","itemListElement":[{"@type":"ListItem","position":1,"name":"Startseite","item":"https:\/\/www.grenzgang-wollmar.com\/home\/"},{"@type":"ListItem","position":2,"name":"Hintergr\u00fcnde des Grenzgang"}]},{"@type":"WebSite","@id":"https:\/\/www.grenzgang-wollmar.com\/home\/#website","url":"https:\/\/www.grenzgang-wollmar.com\/home\/","name":"Grenzgangverein Wollmar","description":"","publisher":{"@id":"https:\/\/www.grenzgang-wollmar.com\/home\/#organization"},"potentialAction":[{"@type":"SearchAction","target":{"@type":"EntryPoint","urlTemplate":"https:\/\/www.grenzgang-wollmar.com\/home\/?s={search_term_string}"},"query-input":{"@type":"PropertyValueSpecification","valueRequired":true,"valueName":"search_term_string"}}],"inLanguage":"de"},{"@type":"Organization","@id":"https:\/\/www.grenzgang-wollmar.com\/home\/#organization","name":"Grenzgangverein Wollmar","url":"https:\/\/www.grenzgang-wollmar.com\/home\/","logo":{"@type":"ImageObject","inLanguage":"de","@id":"https:\/\/www.grenzgang-wollmar.com\/home\/#\/schema\/logo\/image\/","url":"https:\/\/i0.wp.com\/www.grenzgang-wollmar.com\/wp-content\/uploads\/2019\/09\/Fahne.jpg?fit=295%2C395&ssl=1","contentUrl":"https:\/\/i0.wp.com\/www.grenzgang-wollmar.com\/wp-content\/uploads\/2019\/09\/Fahne.jpg?fit=295%2C395&ssl=1","width":295,"height":395,"caption":"Grenzgangverein Wollmar"},"image":{"@id":"https:\/\/www.grenzgang-wollmar.com\/home\/#\/schema\/logo\/image\/"},"sameAs":["https:\/\/www.facebook.com\/GrenzgangvereinWollmar"]}]}},"jetpack_sharing_enabled":true,"_links":{"self":[{"href":"https:\/\/www.grenzgang-wollmar.com\/home\/wp-json\/wp\/v2\/pages\/56","targetHints":{"allow":["GET"]}}],"collection":[{"href":"https:\/\/www.grenzgang-wollmar.com\/home\/wp-json\/wp\/v2\/pages"}],"about":[{"href":"https:\/\/www.grenzgang-wollmar.com\/home\/wp-json\/wp\/v2\/types\/page"}],"author":[{"embeddable":true,"href":"https:\/\/www.grenzgang-wollmar.com\/home\/wp-json\/wp\/v2\/users\/1"}],"replies":[{"embeddable":true,"href":"https:\/\/www.grenzgang-wollmar.com\/home\/wp-json\/wp\/v2\/comments?post=56"}],"version-history":[{"count":1,"href":"https:\/\/www.grenzgang-wollmar.com\/home\/wp-json\/wp\/v2\/pages\/56\/revisions"}],"predecessor-version":[{"id":58,"href":"https:\/\/www.grenzgang-wollmar.com\/home\/wp-json\/wp\/v2\/pages\/56\/revisions\/58"}],"wp:attachment":[{"href":"https:\/\/www.grenzgang-wollmar.com\/home\/wp-json\/wp\/v2\/media?parent=56"}],"curies":[{"name":"wp","href":"https:\/\/api.w.org\/{rel}","templated":true}]}}